{"id":1358,"date":"2018-02-04T14:31:54","date_gmt":"2018-02-04T13:31:54","guid":{"rendered":"https:\/\/easybikerent.it\/?post_type=product&#038;p=1358"},"modified":"2026-02-02T00:54:07","modified_gmt":"2026-02-01T23:54:07","slug":"kids-bike-focus-their-energy","status":"publish","type":"product","link":"https:\/\/easybikerent.it\/pl\/prodotto\/kids-bike-focus-their-energy\/","title":{"rendered":"Rowery dla dzieci"},"content":{"rendered":"<div class=\"page-content\" style=\"font-family: 'Roboto', sans-serif; font-size: 17px; line-height: 1.6; color: #333;\">\n<h1 style=\"text-align: center; font-family: 'Roboto', sans-serif;\">\n  <strong>Wypo\u017cycz Kids Bike i odkryj swoje prawdziwe oblicze Rzymu<\/strong><br \/>\n<\/h1>\n<p class=\"lead\">Bezpieczna, wygodna i idealna dla m\u0142odych rowerzyst\u00f3w odkrywaj\u0105cych Rzym wraz z rodzin\u0105.<\/p>\n<p style=\"text-align: left;\">\nNasze Kids Bikes zosta\u0142y zaprojektowane tak, aby rodzinne wycieczki rowerowe po Rzymie by\u0142y \u0142atwe, przyjemne i bezstresowe. Dost\u0119pne z ko\u0142ami 20\u201d lub 24\u201d, zapewniaj\u0105 idealne dopasowanie dla dzieci w r\u00f3\u017cnym wieku i o r\u00f3\u017cnym wzro\u015bcie, gwarantuj\u0105c stabiln\u0105 i komfortow\u0105 jazd\u0119 przez ca\u0142y dzie\u0144.\n<\/p>\n<p style=\"text-align: left;\">\nKiedy dzieci je\u017cd\u017c\u0105 na w\u0142asnych rowerach, rodzinne wycieczki staj\u0105 si\u0119 p\u0142ynniejsze i przyjemniejsze. Mali rowerzy\u015bci pozostaj\u0105 aktywni, zaanga\u017cowani i skupieni na przygodzie \u2014 a rodzice mniej si\u0119 m\u0119cz\u0105, co sprawia, \u017ce ca\u0142e do\u015bwiadczenie jest bardziej relaksuj\u0105ce i niezapomniane.\n<\/p>\n<p style=\"text-align: left;\">\nWszystkie nasze Kids Bikes s\u0105 produkowane we W\u0142oszech i tworzone z my\u015bl\u0105 o bezpiecze\u0144stwie oraz niezawodno\u015bci. Lekkie, wytrzyma\u0142e i \u0142atwe w prowadzeniu pozwalaj\u0105 m\u0142odym rowerzystom z pewno\u015bci\u0105 odkrywa\u0107 rzymskie parki, \u015bcie\u017cki rowerowe i spokojne uliczki.\n<\/p>\n<p style=\"text-align: left;\">\nNiezale\u017cnie od tego, czy planujesz rodzinn\u0105 przeja\u017cd\u017ck\u0119 wok\u00f3\u0142 Circus Maximus, wizyt\u0119 na Via Appia czy dzie\u0144 sp\u0119dzony na odkrywaniu zielonych teren\u00f3w Rzymu, nasze Kids Bikes zapewniaj\u0105 idealne po\u0142\u0105czenie komfortu, zabawy i swobody dla m\u0142odych rowerzyst\u00f3w.\n<\/p>\n<h2 style=\"font-family: 'Roboto', sans-serif; font-size: 22px; margin-top: 35px;\">\n  <strong>Dlaczego warto wybra\u0107 nasze Kids Bikes<\/strong><br \/>\n<\/h2>\n<div class=\"tour-card\" style=\"margin-top: 25px;\">\n<h3 style=\"font-size: 20px;\"><strong>Bezpieczna i wygodna dla m\u0142odych rowerzyst\u00f3w<\/strong><\/h3>\n<p style=\"text-align: left;\">\nZaprojektowana, aby zapewni\u0107 dzieciom pewno\u015b\u0107 i stabilno\u015b\u0107 podczas jazdy po Rzymie.\n<\/p>\n<ul>\n<li>Dost\u0119pne z ko\u0142ami 20\u201d i 24\u201d<\/li>\n<li>Lekka i \u0142atwa w prowadzeniu<\/li>\n<li>Niezawodna w\u0142oska konstrukcja<\/li>\n<li>Idealna do park\u00f3w, \u015bcie\u017cek rowerowych i rodzinnych tras<\/li>\n<\/ul>\n<\/div>\n<div class=\"tour-card\" style=\"margin-top: 25px;\">\n<h3 style=\"font-size: 20px;\"><strong>Idealna na rodzinne przygody<\/strong><\/h3>\n<p style=\"text-align: left;\">\nDzieci pozostaj\u0105 aktywne i zaanga\u017cowane, co sprawia, \u017ce ca\u0142e do\u015bwiadczenie jest przyjemniejsze dla ca\u0142ej rodziny.\n<\/p>\n<ul>\n<li>Pomaga dzieciom pozosta\u0107 skupionymi i pe\u0142nymi energii<\/li>\n<li>Zmniejsza zm\u0119czenie rodzic\u00f3w<\/li>\n<li>Idealna do wsp\u00f3lnego odkrywania Rzymu<\/li>\n<li>Idealna zar\u00f3wno na kr\u00f3tkie przeja\u017cd\u017cki, jak i na ca\u0142odniowe wycieczki<\/li>\n<\/ul>\n<\/div>\n<p style=\"margin-top: 25px; text-align: left;\" class=\"translation-block\">Je\u015bli jazda na rowerze to Twoja pasja, nie zapomnij sprawdzi\u0107 naszych <span style=\"color: #3366ff\"> <a style=\"color: #3366ff\" href=\"https:\/\/easybikerent.it\/pl\/appian-way-e-bike-tours\/\" target=\"_self\">wycieczek<\/a> <\/span>, aby prze\u017cy\u0107 niezapomniane, prowadzone do\u015bwiadczenia.<\/p>\n<h2 style=\"font-size: 22px; margin-top: 45px;\">\n  <strong>Najcz\u0119\u015bciej Zadawane Pytania<\/strong><br \/>\n<\/h2>\n<div class=\"faq-section\" style=\"margin-top: 25px;\">\n<h3 style=\"font-size: 19px; margin-bottom: 5px;\">\n    <strong>Od jakiego wieku dzieci mog\u0105 je\u017adzi\u0107 na Kids Bike?<\/strong><br \/>\n  <\/h3>\n<p style=\"margin-bottom: 20px;\" class=\"translation-block\">To w du\u017cej mierze zale\u017cy od umiej\u0119tno\u015bci i pewno\u015bci dziecka. Oferujemy Kids Bikes z ko\u0142ami 20\u201d i 24\u201d, odpowiednie odpowiednio dla dzieci oko\u0142o 7 i 9 lat. Ka\u017cde dziecko rozwija si\u0119 inaczej, dlatego rodzice powinni zawsze oceni\u0107, czy ich dziecko je\u017adzi bezpiecznie.<\/p>\n<\/div>\n<\/div>","protected":false},"excerpt":{"rendered":"<p style=\"text-align: left; font-family: 'Roboto', sans-serif; font-size: 17px; line-height: 1.6; color: #333;\"> Nasze Kids Bikes zosta\u0142y zaprojektowane tak, aby rodzinne przeja\u017cd\u017cki po Rzymie by\u0142y zabawne, bezpieczne i bezwysi\u0142kowe. Dost\u0119pne z ko\u0142ami 20\u201d lub 24\u201d, zapewniaj\u0105 idealne dopasowanie dla m\u0142odych rowerzyst\u00f3w w r\u00f3\u017cnym wieku i o r\u00f3\u017cnym wzro\u015bcie. Lekkie, stabilne i \u0142atwe w prowadzeniu pomagaj\u0105 dzieciom pozosta\u0107 aktywnymi i zaanga\u017cowanymi podczas odkrywania rzymskich park\u00f3w, \u015bcie\u017cek rowerowych i spokojnych uliczek. To doskona\u0142y wyb\u00f3r dla rodzin, kt\u00f3re chc\u0105 cieszy\u0107 si\u0119 wsp\u00f3ln\u0105, komfortow\u0105 i przyjemn\u0105 jazd\u0105 na rowerze. <\/p>","protected":false},"featured_media":1635,"comment_status":"closed","ping_status":"closed","template":"","meta":[],"product_cat":[118,115,495],"product_tag":[979,960,31,22,959],"class_list":{"0":"post-1358","1":"product","2":"type-product","3":"status-publish","4":"has-post-thumbnail","6":"product_cat-bicycles","7":"product_cat-family-bikes","8":"product_cat-our-vehicles","9":"product_tag-appian-way-with-kids","10":"product_tag-bike-hire-for-kids","11":"product_tag-easy","12":"product_tag-eco","13":"product_tag-kids-bikes","15":"first","16":"instock","17":"purchasable","18":"product-type-redq_rental"},"_links":{"self":[{"href":"https:\/\/easybikerent.it\/pl\/wp-json\/wp\/v2\/product\/1358","targetHints":{"allow":["GET"]}}],"collection":[{"href":"https:\/\/easybikerent.it\/pl\/wp-json\/wp\/v2\/product"}],"about":[{"href":"https:\/\/easybikerent.it\/pl\/wp-json\/wp\/v2\/types\/product"}],"replies":[{"embeddable":true,"href":"https:\/\/easybikerent.it\/pl\/wp-json\/wp\/v2\/comments?post=1358"}],"wp:featuredmedia":[{"embeddable":true,"href":"https:\/\/easybikerent.it\/pl\/wp-json\/wp\/v2\/media\/1635"}],"wp:attachment":[{"href":"https:\/\/easybikerent.it\/pl\/wp-json\/wp\/v2\/media?parent=1358"}],"wp:term":[{"taxonomy":"product_cat","embeddable":true,"href":"https:\/\/easybikerent.it\/pl\/wp-json\/wp\/v2\/product_cat?post=1358"},{"taxonomy":"product_tag","embeddable":true,"href":"https:\/\/easybikerent.it\/pl\/wp-json\/wp\/v2\/product_tag?post=1358"}],"curies":[{"name":"wp","href":"https:\/\/api.w.org\/{rel}","templated":true}]}}