{"id":1661,"date":"2018-04-25T15:52:43","date_gmt":"2018-04-25T13:52:43","guid":{"rendered":"https:\/\/easybikerent.it\/?post_type=product&#038;p=1661"},"modified":"2026-02-02T00:49:52","modified_gmt":"2026-02-01T23:49:52","slug":"rent-kids-electric-bikes","status":"publish","type":"product","link":"https:\/\/easybikerent.it\/pl\/prodotto\/rent-kids-electric-bikes\/","title":{"rendered":"Rowery elektryczne dla dzieci"},"content":{"rendered":"<div class=\"page-content\" style=\"font-family: 'Roboto', sans-serif; font-size: 17px; line-height: 1.6; color: #333;\">\n<h1 style=\"text-align: center; font-family: 'Roboto', sans-serif;\">\n  <strong>Wypo\u017cycz Elektryczne Rowery dla Dzieci i Odkryj Swoje Prawdziwe Rzym<\/strong><br \/>\n<\/h1>\n<p class=\"lead\">Ma\u0142a, wytrzyma\u0142a i idealna dla m\u0142odych rowerzyst\u00f3w odkrywaj\u0105cych Rzym w komfortowy i pewny spos\u00f3b<\/p>\n<p style=\"text-align: left;\">\nNasze dzieci\u0119ce e\u2011Bike\u2019i z ko\u0142ami 24\u201d s\u0105 ma\u0142e, mocne i z dum\u0105 w\u0142oskie \u2014 zaprojektowane tak, aby zapewni\u0107 m\u0142odym rowerzystom idealn\u0105 r\u00f3wnowag\u0119 mi\u0119dzy stabilno\u015bci\u0105, zabaw\u0105 a niezale\u017cno\u015bci\u0105. Dzi\u0119ki kompaktowej ramie i intuicyjnemu prowadzeniu te e\u2011bike\u2019i s\u0105 idealne dla dzieci od 9 lat, kt\u00f3re chc\u0105 bezpiecznie i przyjemnie odkrywa\u0107 Rzym.\n<\/p>\n<p style=\"text-align: left;\">\nWyposa\u017cone w przednie zawieszenie oraz p\u0142ynny, niezawodny silnik, te rowery pomagaj\u0105 dzieciom z \u0142atwo\u015bci\u0105 pokonywa\u0107 zar\u00f3wno miejskie ulice, jak i lekkie trasy terenowe. Niezale\u017cnie od tego, czy jedziecie przez parki, \u015bcie\u017cki rowerowe czy spokojne osiedla, wspomaganie elektryczne sprawia, \u017ce m\u0142odzi rowerzy\u015bci pozostaj\u0105 pe\u0142ni energii i zaanga\u017cowania przez ca\u0142\u0105 podr\u00f3\u017c.\n<\/p>\n<p style=\"text-align: left;\">\nDelikatne wspomaganie silnika pomaga dzieciom dotrzyma\u0107 kroku doros\u0142ym bez zm\u0119czenia, czyni\u0105c rodzinne wycieczki bardziej harmonijnymi i przyjemnymi. Po dotarciu na miejsce Twoje dziecko wci\u0105\u017c b\u0119dzie pe\u0142ne energii \u2014 gotowe kontynuowa\u0107 odkrywanie lub wsp\u00f3lnie cieszy\u0107 si\u0119 kolejn\u0105 aktywno\u015bci\u0105.\n<\/p>\n<p style=\"text-align: left;\">\nWszechstronne i niezawodne, te dzieci\u0119ce e\u2011Bike\u2019i zosta\u0142y stworzone do jazdy po r\u00f3\u017cnych nawierzchniach, zapewniaj\u0105c doskona\u0142\u0105 kontrol\u0119 i komfort. To idealny wyb\u00f3r dla rodzin, kt\u00f3re chc\u0105 odkrywa\u0107 Rzym w bezpieczny, przyjemny i bezstresowy spos\u00f3b.\n<\/p>\n<p style=\"text-align: left;\" class=\"translation-block\">Aby jeszcze bardziej u\u0142atwi\u0107 Wasz\u0105 podr\u00f3\u017c, oferujemy trasy przyjazne rodzinom, zaprojektowane specjalnie dla m\u0142odych rowerzyst\u00f3w. Te \u015bcie\u017cki omijaj\u0105 du\u017cy ruch i prowadz\u0105 przez malownicze, przyjemne miejsca, gdzie dzieci mog\u0105 jecha\u0107 wygodnie i bezpiecznie.<\/p>\n<h2 style=\"font-family: 'Roboto', sans-serif; font-size: 22px; margin-top: 35px;\">\n  <strong>Dlaczego Warto Wybra\u0107 Nasze Dzieci\u0119ce E\u2011Bike\u2019i<\/strong><br \/>\n<\/h2>\n<div class=\"tour-card\" style=\"margin-top: 25px;\">\n<h3 style=\"font-size: 20px;\"><strong>Idealna dla M\u0142odych Rowerzyst\u00f3w<\/strong><\/h3>\n<p style=\"text-align: left;\">\nZaprojektowana z kompaktow\u0105 ram\u0105 i ko\u0142ami 24\u201d, aby zapewni\u0107 komfort, stabilno\u015b\u0107 i \u0142atwe prowadzenie\n<\/p>\n<ul>\n<li>Suitable for children aged 9 and above. Please note that Italian law allows the use of e\u2011bikes only from the age of 14.<\/li>\n<li>Lekka i intuicyjna w prowadzeniu<\/li>\n<li>Przednie zawieszenie dla wi\u0119kszego komfortu<\/li>\n<li>Delikatne wspomaganie elektryczne na d\u0142u\u017csze dystanse<\/li>\n<\/ul>\n<\/div>\n<div class=\"tour-card\" style=\"margin-top: 25px;\">\n<h3 style=\"font-size: 20px;\"><strong>Bezpieczna i Przyjazna dla Rodzin<\/strong><\/h3>\n<p style=\"text-align: left;\">\nIdealna na rodzinne wycieczki i zaprojektowana tak, by dzieci czu\u0142y si\u0119 komfortowo i pewnie\n<\/p>\n<ul>\n<li>Stabilna i bezpieczna pozycja jazdy<\/li>\n<li>Niezawodne wspomaganie silnika na zr\u00f3\u017cnicowanym terenie<\/li>\n<li>Odpowiednia do park\u00f3w, \u015bcie\u017cek rowerowych i spokojnych ulic<\/li>\n<li>Zawiera bezpieczne, starannie przygotowane trasy dla rodzin<\/li>\n<\/ul>\n<\/div>\n<p style=\"margin-top: 25px; text-align: left;\" class=\"translation-block\">Je\u015bli jazda na rowerze jest Twoj\u0105 pasj\u0105, nie zapomnij zapozna\u0107 si\u0119 z naszymi <span style=\"color: #3366ff\"> <a style=\"color: #3366ff\" href=\"https:\/\/easybikerent.it\/pl\/afret-dark-bike-adventures\/\" target=\"_self\">wycieczkami<\/a> <\/span>, kt\u00f3re oferuj\u0105 niezapomniane, prowadzone do\u015bwiadczenia.<\/p>\n<h2 style=\"font-size: 22px; margin-top: 45px;\"> <strong>Najcz\u0119\u015bciej Zadawane Pytania<\/strong> <\/h2>\n<div class=\"faq-section\" style=\"margin-top: 25px;\">\n<h3 style=\"font-size: 19px; margin-bottom: 5px;\"><strong>Czy rower Kids e\u2011Bike nadaje si\u0119 na tras\u0119 Via Appia?<\/strong><\/h3>\n<p style=\"margin-bottom: 20px;\"> Tak. Kids e\u2011Bike nadaje si\u0119 do przejazdu tras\u0105 Via Appia. Ko\u0142a 24\u201d, przednie zawieszenie i delikatne wspomaganie silnika sprawiaj\u0105, \u017ce rower jest odpowiedni na ca\u0142\u0105 tras\u0119, o ile dzieci s\u0105 pod nadzorem i jad\u0105 pewnie. <\/p>\n<h3 style=\"font-size: 19px; margin-bottom: 5px;\"><strong>Od jakiego wieku dzieci mog\u0105 korzysta\u0107 z roweru Kids e\u2011Bike?<\/strong><\/h3>\n<p style=\"margin-bottom: 20px;\" class=\"translation-block\">Rower Kids e\u2011Bike jest odpowiedni dla dzieci od <strong>140 cm wzrostu<\/strong>. Zgodnie z prawem w\u0142oskim minimalny wiek pozwalaj\u0105cy na jazd\u0119 rowerem elektrycznym to <strong>14 lat<\/strong>, jednak ostateczn\u0105 decyzj\u0119 pozostawiamy rodzicom, kt\u00f3rzy ponosz\u0105 pe\u0142n\u0105 odpowiedzialno\u015b\u0107 za swoje dzieci podczas wynajmu.<\/p>\n<h3 style=\"font-size: 19px; margin-bottom: 5px;\"><strong>Co jest wliczone w cen\u0119 wynajmu?<\/strong><\/h3>\n<p style=\"margin-bottom: 20px;\" class=\"translation-block\">W cen\u0119 wynajmu wliczone s\u0105 kask, zamek zabezpieczaj\u0105cy i opony odporne na przebicia. Uchwyt na telefon <strong>nie<\/strong> jest do\u0142\u0105czony do tego modelu.<\/p>\n<\/p><\/div>\n<\/div>","protected":false},"excerpt":{"rendered":"<p style=\"text-align: left; font-family: 'Roboto', sans-serif; font-size: 17px; line-height: 1.6; color: #333;\"> Nasze e\u2011Bike\u2019i dla dzieci z ko\u0142ami 24\u201d s\u0105 idealne dla m\u0142odych rowerzyst\u00f3w, kt\u00f3rzy chc\u0105 odkrywa\u0107 Rzym w komfortowy i bezpieczny spos\u00f3b. Dzi\u0119ki ma\u0142ej, lekkiej ramie i p\u0142ynnemu wspomaganiu elektrycznemu rodzinne przeja\u017cd\u017cki staj\u0105 si\u0119 \u0142atwiejsze, bezpieczniejsze i przyjemniejsze. Idealne do park\u00f3w, \u015bcie\u017cek rowerowych i spokojnych ulic, te e\u2011bike\u2019i pomagaj\u0105 dzieciom je\u017adzi\u0107 d\u0142u\u017cej bez zm\u0119czenia. Aby zapewni\u0107 bezstresowe do\u015bwiadczenie, oferujemy r\u00f3wnie\u017c trasy przyjazne rodzinom, zaprojektowane specjalnie dla m\u0142odych rowerzyst\u00f3w. <\/p>","protected":false},"featured_media":2002,"comment_status":"closed","ping_status":"closed","template":"","meta":[],"product_cat":[113,115,495],"product_tag":[31,20,22,579,578],"class_list":{"0":"post-1661","1":"product","2":"type-product","3":"status-publish","4":"has-post-thumbnail","6":"product_cat-hire-e-bikes-electric-bicycles","7":"product_cat-family-bikes","8":"product_cat-our-vehicles","9":"product_tag-easy","10":"product_tag-ebike","11":"product_tag-eco","12":"product_tag-electric-bike-for-kids","13":"product_tag-kids-e-bike","15":"first","16":"instock","17":"virtual","18":"purchasable","19":"product-type-redq_rental"},"_links":{"self":[{"href":"https:\/\/easybikerent.it\/pl\/wp-json\/wp\/v2\/product\/1661","targetHints":{"allow":["GET"]}}],"collection":[{"href":"https:\/\/easybikerent.it\/pl\/wp-json\/wp\/v2\/product"}],"about":[{"href":"https:\/\/easybikerent.it\/pl\/wp-json\/wp\/v2\/types\/product"}],"replies":[{"embeddable":true,"href":"https:\/\/easybikerent.it\/pl\/wp-json\/wp\/v2\/comments?post=1661"}],"wp:featuredmedia":[{"embeddable":true,"href":"https:\/\/easybikerent.it\/pl\/wp-json\/wp\/v2\/media\/2002"}],"wp:attachment":[{"href":"https:\/\/easybikerent.it\/pl\/wp-json\/wp\/v2\/media?parent=1661"}],"wp:term":[{"taxonomy":"product_cat","embeddable":true,"href":"https:\/\/easybikerent.it\/pl\/wp-json\/wp\/v2\/product_cat?post=1661"},{"taxonomy":"product_tag","embeddable":true,"href":"https:\/\/easybikerent.it\/pl\/wp-json\/wp\/v2\/product_tag?post=1661"}],"curies":[{"name":"wp","href":"https:\/\/api.w.org\/{rel}","templated":true}]}}