{"id":181,"date":"2017-05-22T12:45:09","date_gmt":"2017-05-22T10:45:09","guid":{"rendered":"https:\/\/easybikerent.it\/home\/home\/?post_type=product&#038;p=181"},"modified":"2026-02-09T13:51:47","modified_gmt":"2026-02-09T12:51:47","slug":"hybrid-e-bike-swift-effortless","status":"publish","type":"product","link":"https:\/\/easybikerent.it\/pl\/prodotto\/hybrid-e-bike-swift-effortless\/","title":{"rendered":"Hybrid e\u2011bike: szybka i bezwysi\u0142kowa"},"content":{"rendered":"<div class=\"page-content\" style=\"font-family: 'Roboto', sans-serif; font-size: 17px; line-height: 1.6; color: #333;\">\n<h1 style=\"text-align: center; font-family: 'Roboto', sans-serif;\"> <strong>Rent a Hybrid e\u2011Bike and Discover Your Real Rome<\/strong> <\/h1>\n<p class=\"lead\">Wszechstronna, wygodna i idealna do zwiedzania zar\u00f3wno miasta, jak i Via Appia Antica.<\/p>\n<p style=\"text-align: left;\"> Nasze rowery elektryczne Hybrid zosta\u0142y zaprojektowane z my\u015bl\u0105 o osobach, kt\u00f3re chc\u0105 maksymalnej elastyczno\u015bci podczas zwiedzania Rzymu. \u0141\u0105cz\u0105 komfort roweru miejskiego ze stabilno\u015bci\u0105 modelu trekkingowego, dzi\u0119ki czemu idealnie sprawdzaj\u0105 si\u0119 zar\u00f3wno na ulicach miasta, jak i na lekkich trasach wiejskich. Zr\u00f3wnowa\u017cona geometria i p\u0142ynne wspomaganie elektryczne sprawiaj\u0105, \u017ce to doskona\u0142y wyb\u00f3r do odkrywania Rzymu w spos\u00f3b inteligentny, spokojny i przyjemny. <\/p>\n<p style=\"text-align: left;\"> Dzi\u0119ki mocnemu silnikowi i d\u0142ugotrwa\u0142ej baterii rowery Hybrid e\u2011Bike zapewniaj\u0105 doskona\u0142e osi\u0105gi na zr\u00f3\u017cnicowanych nawierzchniach. Niezale\u017cnie od tego, czy jedziesz przez historyczne centrum, pokonujesz \u0142agodne wzg\u00f3rza czy zwiedzasz rzymskie parki, te rowery daj\u0105 Ci dodatkow\u0105 moc, aby cieszy\u0107 si\u0119 tras\u0105 bez zm\u0119czenia. <\/p>\n<p style=\"text-align: left;\" class=\"translation-block\">Rowery Hybrid e\u2011Bike to tak\u017ce jedna z <strong>najlepszych opcji zwiedzania Via Appia Antica<\/strong>. Ich komfort, stabilno\u015b\u0107 i p\u0142ynne wspomaganie sprawiaj\u0105, \u017ce jazda wzd\u0142u\u017c tej staro\u017cytnej drogi i otaczaj\u0105cych j\u0105 teren\u00f3w zielonych jest \u0142atwa i przyjemna. Od stanowisk archeologicznych po punkty widokowe \u2014 mo\u017cesz odkrywa\u0107 Via Appia we w\u0142asnym tempie i z pe\u0142nym poczuciem bezpiecze\u0144stwa.<\/p>\n<p style=\"text-align: left;\" class=\"translation-block\">Aby Twoja podr\u00f3\u017c by\u0142a jeszcze bezpieczniejsza i przyjemniejsza, udost\u0119pniamy <strong>starannie przygotowane trasy<\/strong> zaprojektowane specjalnie dla rower\u00f3w Hybrid e\u2011Bike. Obejmuj\u0105 one bezpieczne szlaki po Via Appia Antica, malownicze p\u0119tle przez parki oraz \u0142atwe do \u015bledzenia \u015bcie\u017cki prowadz\u0105ce przez najpi\u0119kniejsze i najspokojniejsze zak\u0105tki Rzymu.<\/p>\n<p style=\"text-align: left;\"> Niezale\u017cnie od tego, czy planujesz przeja\u017cd\u017ck\u0119 na p\u00f3\u0142 dnia, ca\u0142odniow\u0105 przygod\u0119 czy spokojne zwiedzanie okolic Rzymu, nasze rowery Hybrid e\u2011Bike oferuj\u0105 idealne po\u0142\u0105czenie komfortu, mocy i wszechstronno\u015bci. Nadaj\u0105 si\u0119 dla rowerzyst\u00f3w o r\u00f3\u017cnym wzro\u015bcie i poziomie do\u015bwiadczenia, co czyni je doskona\u0142ym wyborem dla par, rodzin i os\u00f3b podr\u00f3\u017cuj\u0105cych solo. <\/p>\n<h2 style=\"font-family: 'Roboto', sans-serif; font-size: 22px; margin-top: 35px;\"> <strong>Dlaczego warto wybra\u0107 nasze e\u2011bike\u2019i<\/strong> <\/h2>\n<div class=\"tour-card\" style=\"margin-top: 25px;\">\n<h3 style=\"font-size: 20px;\"><strong>Wygodne i Wszechstronne Rowery<\/strong><\/h3>\n<p style=\"text-align: left;\"> Zaprojektowana do jazdy po ulicach miasta i lekkich trasach wiejskich, zapewnia stabilno\u015b\u0107 i \u0142atwo\u015b\u0107 u\u017cytkowania. <\/p>\n<ul>\n<li>Idealna na Via Appia Antica i okoliczne parki<\/li>\n<li>Wygodna pozycja jazdy na d\u0142ugie trasy<\/li>\n<li>Idealna na zr\u00f3\u017cnicowany teren i miejskie odkrywanie<\/li>\n<li>Odpowiednia dla rowerzyst\u00f3w o r\u00f3\u017cnym wzro\u015bcie<\/li>\n<\/ul><\/div>\n<div class=\"tour-card\" style=\"margin-top: 25px;\">\n<h3 style=\"font-size: 20px;\"><strong>Mocna i \u0141atwa w Prowadzeniu<\/strong><\/h3>\n<p style=\"text-align: left;\"> P\u0142ynne wspomaganie elektryczne pozwala pokonywa\u0107 d\u0142u\u017csze trasy bez zm\u0119czenia <\/p>\n<ul>\n<li>D\u0142ugotrwa\u0142a bateria na ca\u0142odniowe przygody<\/li>\n<li>Niezawodny silnik na podjazdy i nier\u00f3wne nawierzchnie<\/li>\n<li>Stabilne prowadzenie na asfalcie i zr\u00f3\u017cnicowanych nawierzchniach<\/li>\n<li>Zawiera bezpieczne, starannie przygotowane trasy po Via Appia Antica<\/li>\n<\/ul><\/div>\n<p style=\"margin-top: 25px; text-align: left;\" class=\"translation-block\">Je\u015bli jazda na rowerze jest Twoj\u0105 pasj\u0105, nie zapomnij zapozna\u0107 si\u0119 z naszymi <span style=\"color: #3366ff\"> <a style=\"color: #3366ff\" href=\"https:\/\/easybikerent.it\/pl\/afret-dark-bike-adventures\/\" target=\"_self\">wycieczkami<\/a> <\/span>, kt\u00f3re oferuj\u0105 niezapomniane, prowadzone do\u015bwiadczenia.<\/p>","protected":false},"excerpt":{"rendered":"<p style=\"text-align: left; font-family: 'Roboto', sans-serif; font-size: 17px; line-height: 1.6; color: #333;\"> Nasze rowery elektryczne Hybrid to idealny wyb\u00f3r do zwiedzania zar\u00f3wno miasta, jak i Via Appia Antica, z pe\u0142nym komfortem i poczuciem bezpiecze\u0144stwa. Wszechstronne, stabilne i \u0142atwe w prowadzeniu, doskonale radz\u0105 sobie na zr\u00f3\u017cnicowanych nawierzchniach, zapewniaj\u0105c p\u0142ynn\u0105 jazd\u0119 po asfaltowych ulicach, parkach i lekkich trasach wiejskich. Aby Twoja wycieczka by\u0142a jeszcze bezpieczniejsza i przyjemniejsza, udost\u0119pniamy r\u00f3wnie\u017c starannie przygotowane trasy \u2014 w tym specjalne szlaki po Via Appia \u2014 dzi\u0119ki kt\u00f3rym odkryjesz naturalne i archeologiczne pi\u0119kno Rzymu w pe\u0142nym spokoju. <\/p>","protected":false},"featured_media":1760,"comment_status":"closed","ping_status":"closed","template":"","meta":[],"product_cat":[113],"product_tag":[958,914,916,20,912,964,913,937],"class_list":{"0":"post-181","1":"product","2":"type-product","3":"status-publish","4":"has-post-thumbnail","6":"product_cat-hire-e-bikes-electric-bicycles","7":"product_tag-appian-way-by-mountain-bike","8":"product_tag-bike-rental-in-rome","9":"product_tag-e-bike-rental-near-trastevere","10":"product_tag-ebike","11":"product_tag-electric-bike-rental-in-rome","12":"product_tag-hire-an-e-bike-in-rome","13":"product_tag-rent-an-electric-bike-in-rome","14":"product_tag-visit-the-appian-way-without-a-guide","16":"first","17":"instock","18":"virtual","19":"purchasable","20":"product-type-redq_rental"},"_links":{"self":[{"href":"https:\/\/easybikerent.it\/pl\/wp-json\/wp\/v2\/product\/181","targetHints":{"allow":["GET"]}}],"collection":[{"href":"https:\/\/easybikerent.it\/pl\/wp-json\/wp\/v2\/product"}],"about":[{"href":"https:\/\/easybikerent.it\/pl\/wp-json\/wp\/v2\/types\/product"}],"replies":[{"embeddable":true,"href":"https:\/\/easybikerent.it\/pl\/wp-json\/wp\/v2\/comments?post=181"}],"wp:featuredmedia":[{"embeddable":true,"href":"https:\/\/easybikerent.it\/pl\/wp-json\/wp\/v2\/media\/1760"}],"wp:attachment":[{"href":"https:\/\/easybikerent.it\/pl\/wp-json\/wp\/v2\/media?parent=181"}],"wp:term":[{"taxonomy":"product_cat","embeddable":true,"href":"https:\/\/easybikerent.it\/pl\/wp-json\/wp\/v2\/product_cat?post=181"},{"taxonomy":"product_tag","embeddable":true,"href":"https:\/\/easybikerent.it\/pl\/wp-json\/wp\/v2\/product_tag?post=181"}],"curies":[{"name":"wp","href":"https:\/\/api.w.org\/{rel}","templated":true}]}}