{"id":1993,"date":"2018-07-02T15:46:57","date_gmt":"2018-07-02T13:46:57","guid":{"rendered":"https:\/\/easybikerent.it\/?post_type=product&#038;p=1993"},"modified":"2026-01-31T12:59:07","modified_gmt":"2026-01-31T11:59:07","slug":"city-e-bike-26-wheel-easy-to-handle","status":"publish","type":"product","link":"https:\/\/easybikerent.it\/pl\/prodotto\/city-e-bike-26-wheel-easy-to-handle\/","title":{"rendered":"City e\u2011bike 26\u2033: \u0142atwa w prowadzeniu"},"content":{"rendered":"<div class=\"page-content\" style=\"font-family: 'Roboto', sans-serif; font-size: 17px; line-height: 1.6; color: #333;\">\n<h1 style=\"text-align: center; font-family: 'Roboto', sans-serif;\">\n  <strong>Wypo\u017cycz miejsk\u0105 e\u2011rower 26\u2033 i Odkryj Swoje Prawdziwe Rzym<\/strong><br \/>\n<\/h1>\n<p class=\"lead\">Wygodna, \u0142atwa w prowadzeniu i idealna do zwiedzania historycznego centrum Rzymu<\/p>\n<p style=\"text-align: left;\">\nNasze miejskie e\u2011rowery 26\u201d, z dum\u0105 produkowane we W\u0142oszech przez firm\u0119 Lombardo, zosta\u0142y zaprojektowane tak, aby zapewnia\u0107 p\u0142ynn\u0105, stabiln\u0105 i przyjemn\u0105 jazd\u0119 po ulicach Rzymu. Lekkie, \u0142atwe w prowadzeniu i niezwykle intuicyjne, s\u0105 idealnym wyborem dla os\u00f3b szukaj\u0105cych wygodnego roweru elektrycznego do miejskiej eksploracji \u2014 szczeg\u00f3lnie dla kobiet, nastolatk\u00f3w oraz wszystkich, kt\u00f3rzy preferuj\u0105 mniejsz\u0105 i bardziej por\u0119czn\u0105 ram\u0119.\n<\/p>\n<p style=\"text-align: left;\">\nDzi\u0119ki przedniemu amortyzatorowi, 7\u2011biegowej przek\u0142adni i niezawodnemu tylnemu silnikowi 250W, ten miejski e\u2011rower zapewnia idealn\u0105 r\u00f3wnowag\u0119 mi\u0119dzy komfortem a wspomaganiem. Niezale\u017cnie od tego, czy jedziesz po bruku, pokonujesz niewielkie wzniesienia, czy po prostu przemierzasz rzymskie dzielnice, silnik daje Ci dodatkowy zastrzyk mocy, aby dotrze\u0107 do celu \u015bwie\u017cym i zrelaksowanym.\n<\/p>\n<p style=\"text-align: left;\" class=\"translation-block\">Ten elektryczny rower 26\u2033 jest szczeg\u00f3lnie odpowiedni dla os\u00f3b o wzro\u015bcie mi\u0119dzy <strong>1,50 m a 1,60 m<\/strong>, zapewniaj\u0105c bezpieczn\u0105 i ergonomiczn\u0105 pozycj\u0119 jazdy. Zaprojektowany z my\u015bl\u0105 o kr\u00f3tkich i \u015brednich dystansach, \u0142\u0105czy mocny silnik elektryczny z wydajn\u0105 bateri\u0105, gwarantuj\u0105c p\u0142ynn\u0105 prac\u0119 przez ca\u0142y dzie\u0144.<\/p>\n<p style=\"text-align: left;\" class=\"translation-block\">Dzi\u0119ki wydajnemu silnikowi i baterii o du\u017cej pojemno\u015bci ten e\u2011rower mo\u017ce bez trudu pokona\u0107 co najmniej 40 km na jednym \u0142adowaniu \u2014 nawet podczas jazdy bez martwienia si\u0119 o oszcz\u0119dzanie energii. To idealny wyb\u00f3r na spokojne przeja\u017cd\u017cki, zwiedzanie i codzienne u\u017cytkowanie w mie\u015bcie bez stresu.<\/p>\n<p style=\"text-align: left;\">\nNale\u017cy pami\u0119ta\u0107, \u017ce ten model nie jest idealny do d\u0142ugich tras na Via Appia Antica ani do wymagaj\u0105cego terenu off\u2011road. Najlepiej sprawdza si\u0119 na asfaltowych ulicach, \u015bcie\u017ckach rowerowych oraz typowych trasach miejskich lub podmiejskich, dzi\u0119ki czemu jest doskona\u0142ym towarzyszem do odkrywania historycznego centrum Rzymu i pobliskich dzielnic.\n<\/p>\n<p style=\"text-align: left;\" class=\"translation-block\">Aby\u015b m\u00f3g\u0142 cieszy\u0107 si\u0119 jazd\u0105 bezpiecznie i bez wysi\u0142ku, oferujemy r\u00f3wnie\u017c <strong>starannie przygotowane trasy po centrum miasta<\/strong>, prowadz\u0105ce przez najbardziej ikoniczne zabytki Rzymu, urokliwe dzielnice i malownicze punkty widokowe.<\/p>\n<h2 style=\"font-family: 'Roboto', sans-serif; font-size: 22px; margin-top: 35px;\">\n  <strong>Dlaczego Warto Wybra\u0107 Nasz Rower Miejski e\u2011Bike 26\u2033<\/strong><br \/>\n<\/h2>\n<div class=\"tour-card\" style=\"margin-top: 25px;\">\n<h3 style=\"font-size: 20px;\"><strong>Idealna do Historycznego Centrum<\/strong><\/h3>\n<p style=\"text-align: left;\">\nZaprojektowana z my\u015bl\u0105 o komforcie i zwinno\u015bci na w\u0105skich uliczkach Rzymu, bruku i \u015bcie\u017ckach rowerowych.\n<\/p>\n<ul>\n<li>Idealny do miejskiej eksploracji i codziennego u\u017cytku<\/li>\n<li>\u0141atwa w prowadzeniu i wyj\u0105tkowo intuicyjna<\/li>\n<li>Idealna dla os\u00f3b o wzro\u015bcie mi\u0119dzy 1,50 m a 1,60 m<\/li>\n<li>Idealny na kr\u00f3tkie i \u015brednie dystanse<\/li>\n<\/ul>\n<\/div>\n<div class=\"tour-card\" style=\"margin-top: 25px;\">\n<h3 style=\"font-size: 20px;\"><strong>Wygodny i stylowy w\u0142oski design<\/strong><\/h3>\n<p style=\"text-align: left;\">\nStylowy i niezawodny w\u0142oski e\u2011rower, stworzony do p\u0142ynnej i przyjemnej jazdy po mie\u015bcie.\n<\/p>\n<ul>\n<li>Przednie zawieszenie dla wi\u0119kszego komfortu<\/li>\n<li>Nap\u0119d 7\u2011biegowy dla wi\u0119kszej elastyczno\u015bci<\/li>\n<li>Tylni silnik 250W zapewniaj\u0105cy bezwysi\u0142kowe wspomaganie<\/li>\n<li>Co najmniej 40 km zasi\u0119gu na jednym \u0142adowaniu<\/li>\n<\/ul>\n<\/div>\n<p style=\"margin-top: 25px; text-align: left;\" class=\"translation-block\">Je\u015bli jazda na rowerze to Twoja pasja, nie zapomnij sprawdzi\u0107 naszych <span style=\"color: #3366ff\"> <a style=\"color: #3366ff\" href=\"https:\/\/easybikerent.it\/pl\/appian-way-e-bike-tours\/\" target=\"_self\">wycieczek<\/a> <\/span>, aby prze\u017cy\u0107 niezapomniane, prowadzone do\u015bwiadczenia.<\/p>\n<p><!-- FAQ SECTION --><\/p>\n<h2 style=\"font-family: 'Roboto', sans-serif; font-size: 22px; margin-top: 45px;\">\n  <strong>Najcz\u0119\u015bciej Zadawane Pytania<\/strong><br \/>\n<\/h2>\n<div class=\"faq-section\" style=\"margin-top: 25px;\">\n<h3 style=\"font-size: 19px; margin-bottom: 5px;\"><strong>Czy ten wynajem City e\u2011Bike znajduje si\u0119 blisko Circus Maximus?<\/strong><\/h3>\n<p style=\"margin-bottom: 20px;\">\n    Tak. Nasz sklep znajduje si\u0119 bezpo\u015brednio naprzeciwko Circus Maximus, co pozwala rozpocz\u0105\u0107 jazd\u0119 na \u015bcie\u017cce rowerowej bez wje\u017cd\u017cania w ruch uliczny. To idealny punkt startowy do zwiedzania historycznego centrum Rzymu.\n  <\/p>\n<h3 style=\"font-size: 19px; margin-bottom: 5px;\"><strong>Czy City e\u2011Bike 26\u2033 jest odpowiednia dla ni\u017cszych rowerzyst\u00f3w?<\/strong><\/h3>\n<p style=\"margin-bottom: 20px;\">\n    Tak. Ten model jest idealny dla rowerzyst\u00f3w o wzro\u015bcie mi\u0119dzy 1,50 m a 1,60 m, oferuj\u0105c bezpieczn\u0105, ergonomiczn\u0105 i wygodn\u0105 pozycj\u0119 jazdy dzi\u0119ki kompaktowej ramie i ko\u0142om 26\u2033.\n  <\/p>\n<h3 style=\"font-size: 19px; margin-bottom: 5px;\"><strong>Czy to najlepsza opcja wynajmu e\u2011Bike w centrum Rzymu?<\/strong><\/h3>\n<p style=\"margin-bottom: 20px;\">\n    Absolutely. The 26\u2033 City e\u2011Bike is lightweight, easy to handle, and perfect for navigating Rome\u2019s narrow streets, cobblestones, and bike paths.\n  <\/p>\n<h3 style=\"font-size: 19px; margin-bottom: 5px;\"><strong>Czy mog\u0119 u\u017cywa\u0107 tej e\u2011Bike na Via Appia?<\/strong><\/h3>\n<p style=\"margin-bottom: 20px;\">\n    Ten model nie jest zalecany do d\u0142ugich tras na Via Appia ani do jazdy w terenie. Najlepiej sprawdza si\u0119 na utwardzonych drogach, \u015bcie\u017ckach rowerowych i standardowych trasach miejskich.\n  <\/p>\n<h3 style=\"font-size: 19px; margin-bottom: 5px;\"><strong>Jaki zasi\u0119g ma City e\u2011Bike 26\u2033 na jednym \u0142adowaniu?<\/strong><\/h3>\n<p style=\"margin-bottom: 20px;\">\n    Mo\u017cesz liczy\u0107 na 40 km lub wi\u0119cej, w zale\u017cno\u015bci od poziomu wspomagania, terenu i stylu jazdy.\n  <\/p>\n<h3 style=\"font-size: 19px; margin-bottom: 5px;\"><strong>Czy City e\u2011Bike 26\u2033 jest odpowiednia dla pocz\u0105tkuj\u0105cych?<\/strong><\/h3>\n<p style=\"margin-bottom: 20px;\">\n    Tak. Silnik 250W i 7\u2011biegowa przek\u0142adnia sprawiaj\u0105, \u017ce jest niezwykle \u0142atwa w obs\u0142udze, nawet dla os\u00f3b z niewielkim do\u015bwiadczeniem rowerowym.\n  <\/p>\n<h3 style=\"font-size: 19px; margin-bottom: 5px;\"><strong>Czy mog\u0119 doda\u0107 do tej e\u2011Bike fotelik dzieci\u0119cy?<\/strong><\/h3>\n<p style=\"margin-bottom: 20px;\">\n    Tak. City e\u2011Bike 26\u2033 jest kompatybilna zar\u00f3wno z przednimi, jak i tylnymi fotelikami dzieci\u0119cymi, co czyni j\u0105 \u015bwietnym wyborem dla rodzin.\n  <\/p>\n<h3 style=\"font-size: 19px; margin-bottom: 5px;\"><strong>Co jest wliczone w cen\u0119 wynajmu?<\/strong><\/h3>\n<p style=\"margin-bottom: 20px;\">\n    zabezpieczaj\u0105cy\n  <\/p>\n<\/div>\n<\/div>","protected":false},"excerpt":{"rendered":"<p style=\"text-align: left; font-family: 'Roboto', sans-serif; font-size: 17px; line-height: 1.6; color: #333;\"> Nasze miejskie e\u2011rowery 26\u201d to idealny wyb\u00f3r do komfortowego i \u0142atwego zwiedzania historycznego centrum Rzymu. Lekkie, intuicyjne i odpowiednie dla os\u00f3b o wzro\u015bcie od 1,50 m do 1,60 m, zapewniaj\u0105 doskona\u0142\u0105 stabilno\u015b\u0107 na asfaltowych ulicach, \u015bcie\u017ckach rowerowych i \u0142agodnych trasach miejskich. Dzi\u0119ki p\u0142ynnemu wspomaganiu elektrycznemu i kompaktowej ramie jazda po mie\u015bcie staje si\u0119 \u0142atwa i przyjemna. Aby pom\u00f3c Ci odkrywa\u0107 Rzym bezpiecznie i bez stresu, oferujemy r\u00f3wnie\u017c starannie przygotowane trasy zaprojektowane specjalnie dla centrum miasta. <\/p>","protected":false},"featured_media":1998,"comment_status":"closed","ping_status":"closed","template":"","meta":[],"product_cat":[113,495],"product_tag":[914,915,916,961,31,20,22,912,918,917,21,913],"class_list":{"0":"post-1993","1":"product","2":"type-product","3":"status-publish","4":"has-post-thumbnail","6":"product_cat-hire-e-bikes-electric-bicycles","7":"product_cat-our-vehicles","8":"product_tag-bike-rental-in-rome","9":"product_tag-e-bike-in-rome","10":"product_tag-e-bike-rental-near-trastevere","11":"product_tag-e-bikes-with-a-basket","12":"product_tag-easy","13":"product_tag-ebike","14":"product_tag-eco","15":"product_tag-electric-bike-rental-in-rome","16":"product_tag-electric-bike-rental-in-the-center-of-rome","17":"product_tag-electric-bike-rental-near-the-colosseum","18":"product_tag-ladies","19":"product_tag-rent-an-electric-bike-in-rome","21":"first","22":"instock","23":"featured","24":"virtual","25":"purchasable","26":"product-type-redq_rental"},"_links":{"self":[{"href":"https:\/\/easybikerent.it\/pl\/wp-json\/wp\/v2\/product\/1993","targetHints":{"allow":["GET"]}}],"collection":[{"href":"https:\/\/easybikerent.it\/pl\/wp-json\/wp\/v2\/product"}],"about":[{"href":"https:\/\/easybikerent.it\/pl\/wp-json\/wp\/v2\/types\/product"}],"replies":[{"embeddable":true,"href":"https:\/\/easybikerent.it\/pl\/wp-json\/wp\/v2\/comments?post=1993"}],"wp:featuredmedia":[{"embeddable":true,"href":"https:\/\/easybikerent.it\/pl\/wp-json\/wp\/v2\/media\/1998"}],"wp:attachment":[{"href":"https:\/\/easybikerent.it\/pl\/wp-json\/wp\/v2\/media?parent=1993"}],"wp:term":[{"taxonomy":"product_cat","embeddable":true,"href":"https:\/\/easybikerent.it\/pl\/wp-json\/wp\/v2\/product_cat?post=1993"},{"taxonomy":"product_tag","embeddable":true,"href":"https:\/\/easybikerent.it\/pl\/wp-json\/wp\/v2\/product_tag?post=1993"}],"curies":[{"name":"wp","href":"https:\/\/api.w.org\/{rel}","templated":true}]}}