{"id":2511,"date":"2019-11-23T12:40:09","date_gmt":"2019-11-23T11:40:09","guid":{"rendered":"https:\/\/easybikerent.it\/?post_type=product&#038;p=2511"},"modified":"2026-01-28T16:12:09","modified_gmt":"2026-01-28T15:12:09","slug":"hire-electric-bicycles-trekking-city","status":"publish","type":"product","link":"https:\/\/easybikerent.it\/pl\/prodotto\/hire-electric-bicycles-trekking-city\/","title":{"rendered":"Rowery elektryczne: trekking i city"},"content":{"rendered":"<div class=\"page-content\" style=\"font-family: 'Roboto', sans-serif; font-size: 17px; line-height: 1.6; color: #333;\">\n<h1 style=\"text-align: center; font-family: 'Roboto', sans-serif;\"> <strong>Wypo\u017cycz Electric Trekking &amp; City Bike i Odkryj Swoje Prawdziwe Rzym<\/strong> <\/h1>\n<p class=\"lead\">Mocna, wygodna i idealna do zwiedzania historycznego centrum Rzymu i okolic<\/p>\n<p style=\"text-align: left;\"> Nasze Electric Trekking &amp; City Bikes zosta\u0142y zaprojektowane dla rowerzyst\u00f3w, kt\u00f3rzy potrzebuj\u0105 wszechstronnego, stabilnego i wydajnego e\u2011bike\u2019a do zwiedzania Rzymu. Dzi\u0119ki du\u017cej, masywnej ramie i ergonomicznej geometrii rowery te s\u0105 idealne dla wysokich m\u0119\u017cczyzn lub os\u00f3b preferuj\u0105cych przestrzenn\u0105 i wygodn\u0105 pozycj\u0119 jazdy. <\/p>\n<p style=\"text-align: left;\"> \u0141\u0105cz\u0105c zwinno\u015b\u0107 roweru miejskiego z wytrzyma\u0142o\u015bci\u0105 modelu trekkingowego, ten e\u2011bike doskonale sprawdza si\u0119 w zabytkowym centrum Rzymu, na \u015bcie\u017ckach rowerowych i w dzielnicach miejskich. Jego p\u0142ynne wspomaganie elektryczne u\u0142atwia jazd\u0119 po bruku, \u0142agodnych wzniesieniach i d\u0142ugich alejach, zapewniaj\u0105c relaksuj\u0105ce i przyjemne wra\u017cenia przez ca\u0142y dzie\u0144. <\/p>\n<p style=\"text-align: left;\"> Wyposa\u017cone w mocny silnik, d\u0142ugotrwa\u0142\u0105 bateri\u0119 i wysokiej jako\u015bci komponenty, nasze Trekking &amp; City e\u2011Bike\u2019i zapewniaj\u0105 doskona\u0142\u0105 wydajno\u015b\u0107 na trasach kr\u00f3tkich i \u015brednich. Niezale\u017cnie od tego, czy zwiedzasz zabytki, przeje\u017cd\u017casz przez parki, czy przemierzasz rzymskie dzielnice, ten e\u2011bike oferuje komfort i niezawodno\u015b\u0107, kt\u00f3rych potrzebujesz. <\/p>\n<p style=\"text-align: left;\" class=\"translation-block\">Dzi\u0119ki solidnej konstrukcji i du\u017cej ramie model ten jest szczeg\u00f3lnie odpowiedni dla wysokich rowerzyst\u00f3w, oferuj\u0105c doskona\u0142\u0105 stabilno\u015b\u0107 i naturaln\u0105 pozycj\u0119 jazdy. To idealny wyb\u00f3r dla m\u0119\u017cczyzn, kt\u00f3rzy chc\u0105 solidnego, wygodnego i responsywnego e\u2011bike\u2019a do miejskiej eksploracji.<\/p>\n<p style=\"text-align: left;\" class=\"translation-block\">Cho\u0107 ten e\u2011rower najlepiej sprawdza si\u0119 na utwardzonych ulicach i trasach miejskich, z \u0142atwo\u015bci\u0105 radzi sobie tak\u017ce z lekkimi \u015bcie\u017ckami wiejskimi, co czyni go \u015bwietnym wyborem na mieszane trasy. Aby\u015b m\u00f3g\u0142 cieszy\u0107 si\u0119 jazd\u0105 bezpiecznie i bez wysi\u0142ku, udost\u0119pniamy <strong>starannie przygotowane trasy po centrum miasta<\/strong>, prowadz\u0105ce przez najbardziej ikoniczne miejsca i malownicze zak\u0105tki Rzymu.<\/p>\n<h2 style=\"font-family: 'Roboto', sans-serif; font-size: 22px; margin-top: 35px;\"> <strong>Dlaczego Warto Wybra\u0107 Nasze Rowery Trekkingowe i Miejskie<\/strong> <\/h2>\n<div class=\"tour-card\" style=\"margin-top: 25px;\">\n<h3 style=\"font-size: 20px;\"><strong>Idealna do Historycznego Centrum<\/strong><\/h3>\n<p style=\"text-align: left;\"> Zaprojektowana z my\u015bl\u0105 o p\u0142ynnej i komfortowej je\u017adzie po w\u0105skich uliczkach, bruku i \u015bcie\u017ckach rowerowych Rzymu <\/p>\n<ul>\n<li>Idealny do miejskiej eksploracji i codziennego u\u017cytku<\/li>\n<li>Stabilny i wygodny na utwardzonej nawierzchni<\/li>\n<li>Idealny na kr\u00f3tkie i \u015brednie dystanse<\/li>\n<li>Zawiera bezpieczne trasy po centrum miasta<\/li>\n<\/ul><\/div>\n<div class=\"tour-card\" style=\"margin-top: 25px;\">\n<h3 style=\"font-size: 20px;\"><strong>Du\u017ca Rama dla Wysokich Rowerzyst\u00f3w<\/strong><\/h3>\n<p style=\"text-align: left;\"> A masculine, spacious frame designed for men who want comfort and stability. <\/p>\n<ul>\n<li>Idealna dla wysokich rowerzyst\u00f3w<\/li>\n<li>Ergonomiczna pozycja jazdy<\/li>\n<li>Mocny silnik zapewniaj\u0105cy bezwysi\u0142kowe wspomaganie<\/li>\n<li>Niezawodna bateria na ca\u0142odniowe przygody<\/li>\n<\/ul><\/div>\n<p style=\"margin-top: 25px; text-align: left;\" class=\"translation-block\">Je\u015bli jazda na rowerze jest Twoj\u0105 pasj\u0105, nie zapomnij zapozna\u0107 si\u0119 z naszymi <span style=\"color: #3366ff\"> <a style=\"color: #3366ff\" href=\"https:\/\/easybikerent.it\/pl\/afret-dark-bike-adventures\/\" target=\"_self\">wycieczkami<\/a> <\/span>, kt\u00f3re oferuj\u0105 niezapomniane, prowadzone do\u015bwiadczenia.<\/p>","protected":false},"excerpt":{"rendered":"<p style=\"text-align: left; font-family: 'Roboto', sans-serif; font-size: 17px; line-height: 1.6; color: #333;\"> Nasze Electric Trekking &amp; City Bikes to idealny wyb\u00f3r do komfortowego i dynamicznego zwiedzania historycznego centrum Rzymu. Dzi\u0119ki du\u017cej, masywnej ramie, doskona\u0142ej dla wysokich rowerzyst\u00f3w, e\u2011bike\u2019i te zapewniaj\u0105 wyj\u0105tkow\u0105 stabilno\u015b\u0107, p\u0142ynne prowadzenie i niezawodne wspomaganie elektryczne na asfaltowych ulicach i miejskich trasach. Zaprojektowane z my\u015bl\u0105 o miejskiej eksploracji i trasach \u015bredniego dystansu, \u0142\u0105cz\u0105 w sobie si\u0142\u0119, komfort i wysok\u0105 wydajno\u015b\u0107. Aby zapewni\u0107 Ci bezpieczn\u0105 i przyjemn\u0105 jazd\u0119, udost\u0119pniamy r\u00f3wnie\u017c starannie przygotowane trasy stworzone specjalnie do odkrywania najbardziej kultowych miejsc Rzymu. <\/p>","protected":false},"featured_media":2215,"comment_status":"closed","ping_status":"closed","template":"","meta":[],"product_cat":[113],"product_tag":[965,967,31,20,22,966],"class_list":{"0":"post-2511","1":"product","2":"type-product","3":"status-publish","4":"has-post-thumbnail","6":"product_cat-hire-e-bikes-electric-bicycles","7":"product_tag-big-frame-e-bike-for-rent-in-rome","8":"product_tag-e-bikes-for-rent-near-trastevere","9":"product_tag-easy","10":"product_tag-ebike","11":"product_tag-eco","12":"product_tag-hire-big-frame-e-bike-in-rome","14":"first","15":"instock","16":"purchasable","17":"product-type-redq_rental"},"_links":{"self":[{"href":"https:\/\/easybikerent.it\/pl\/wp-json\/wp\/v2\/product\/2511","targetHints":{"allow":["GET"]}}],"collection":[{"href":"https:\/\/easybikerent.it\/pl\/wp-json\/wp\/v2\/product"}],"about":[{"href":"https:\/\/easybikerent.it\/pl\/wp-json\/wp\/v2\/types\/product"}],"replies":[{"embeddable":true,"href":"https:\/\/easybikerent.it\/pl\/wp-json\/wp\/v2\/comments?post=2511"}],"wp:featuredmedia":[{"embeddable":true,"href":"https:\/\/easybikerent.it\/pl\/wp-json\/wp\/v2\/media\/2215"}],"wp:attachment":[{"href":"https:\/\/easybikerent.it\/pl\/wp-json\/wp\/v2\/media?parent=2511"}],"wp:term":[{"taxonomy":"product_cat","embeddable":true,"href":"https:\/\/easybikerent.it\/pl\/wp-json\/wp\/v2\/product_cat?post=2511"},{"taxonomy":"product_tag","embeddable":true,"href":"https:\/\/easybikerent.it\/pl\/wp-json\/wp\/v2\/product_tag?post=2511"}],"curies":[{"name":"wp","href":"https:\/\/api.w.org\/{rel}","templated":true}]}}