{"id":4061,"date":"2023-07-16T16:08:12","date_gmt":"2023-07-16T14:08:12","guid":{"rendered":"https:\/\/easybikerent.it\/?post_type=product&#038;p=4061"},"modified":"2026-02-01T23:43:54","modified_gmt":"2026-02-01T22:43:54","slug":"mountain-bike-rugged-sporty","status":"publish","type":"product","link":"https:\/\/easybikerent.it\/pl\/prodotto\/mountain-bike-rugged-sporty\/","title":{"rendered":"Rowery g\u00f3rskie"},"content":{"rendered":"<div class=\"page-content\" style=\"font-family: 'Roboto', sans-serif; font-size: 17px; line-height: 1.6; color: #333;\">\n<h1 style=\"text-align: center;\">\n  <strong>Wynajmij rower g\u00f3rski i odkryj swoje prawdziwe Rzym<\/strong><br \/>\n<\/h1>\n<p class=\"lead\">Wszechstronne, niezawodne i idealne do odkrywania naturalnych krajobraz\u00f3w Rzymu.<\/p>\n<p>\nNasze rowery g\u00f3rskie zosta\u0142y zaprojektowane dla os\u00f3b, kt\u00f3re chc\u0105 pozna\u0107 Rzym poza jego historycznym centrum. Dzi\u0119ki w\u0142oskim ramom o rozmiarach od 19\u201d do 24\u201d oraz ko\u0142om 26\u201d, 27.5\u201d lub 29\u201d, rowery te zapewniaj\u0105 stabilno\u015b\u0107, kontrol\u0119 i komfort na r\u00f3\u017cnorodnych nawierzchniach.\n<\/p>\n<p>\nCho\u0107 Rzym s\u0142ynie ze swoich zabytk\u00f3w i staro\u017cytnych miejsc, miasto oferuje tak\u017ce pi\u0119kne tereny naturalne, \u0142agodne wzg\u00f3rza i malownicze trasy na wsi. Wynaj\u0119cie roweru g\u00f3rskiego pozwala odkrywa\u0107 te krajobrazy we w\u0142asnym tempie, poznaj\u0105c ciche \u015bcie\u017cki, panoramiczne punkty widokowe i spokojne zielone przestrzenie tu\u017c za miastem.\n<\/p>\n<p>\nJe\u015bli chcesz uciec od zat\u0142oczonych, turystycznych miejsc, rower g\u00f3rski daje Ci swobod\u0119 dotarcia do mniej znanych tras, gdzie spok\u00f3j i natura wysuwaj\u0105 si\u0119 na pierwszy plan. To idealny wyb\u00f3r dla os\u00f3b pragn\u0105cych bardziej aktywnego i wci\u0105gaj\u0105cego kontaktu z natur\u0105.\n<\/p>\n<p>\nZwiedzanie Rzymu na rowerze g\u00f3rskim daje wyj\u0105tkowe chwile, kt\u00f3re wykraczaj\u0105 daleko poza tradycyjne zwiedzanie. Niezale\u017cnie od tego, czy lubisz podjazdy, naturalne \u015bcie\u017cki czy po prostu przebywanie na \u015bwie\u017cym powietrzu, rower g\u00f3rski zapewnia idealn\u0105 r\u00f3wnowag\u0119 mi\u0119dzy przygod\u0105 a przyjemno\u015bci\u0105.\n<\/p>\n<p>\nWybieraj\u0105c wynajem roweru g\u00f3rskiego w Rzymie, mo\u017cesz po\u0142\u0105czy\u0107 odkrywanie, aktywno\u015b\u0107 fizyczn\u0105 i poznawanie kultury. To doskona\u0142y spos\u00f3b, aby do\u015bwiadczy\u0107 innej strony Wiecznego Miasta \u2014 pe\u0142nej natury, otwartych przestrzeni i niezapomnianych widok\u00f3w.\n<\/p>\n<p>\n<strong>Rower g\u00f3rski jest r\u00f3wnie\u017c jedn\u0105 z najlepszych opcji bez wspomagania elektrycznego do bezpiecznego i komfortowego przejazdu Via Appia, dzi\u0119ki szerszym oponom i stabilnej geometrii.<\/strong>\n<\/p>\n<p>\nNasz sklep znajduje si\u0119 bezpo\u015brednio naprzeciwko Circus Maximus i zapewnia bezpieczny dost\u0119p do \u015bcie\u017cek rowerowych prowadz\u0105cych na Via Appia oraz do zielonych teren\u00f3w Rzymu.\n<\/p>\n<h2 style=\"font-size: 22px; margin-top: 35px;\">\n  <strong>Dlaczego Warto Wybra\u0107 Nasze Rowery G\u00f3rskie<\/strong><br \/>\n<\/h2>\n<div class=\"tour-card\" style=\"margin-top: 25px;\">\n<h3 style=\"font-size: 20px;\"><strong>Zaprojektowane dla Stabilno\u015bci i Kontroli<\/strong><\/h3>\n<p>\nNasze rowery g\u00f3rskie zosta\u0142y zaprojektowane tak, aby z \u0142atwo\u015bci\u0105 i pewno\u015bci\u0105 radzi\u0107 sobie na r\u00f3\u017cnorodnych nawierzchniach.\n<\/p>\n<ul>\n<li>Frame sizes from 19\u201d to 24\u201d<\/li>\n<li>Opcje k\u00f3\u0142: 26\u201d, 27.5\u201d lub 29\u201d<\/li>\n<li>Niezawodna w\u0142oska konstrukcja<\/li>\n<li>Idealne na trasy wiejskie i naturalne szlaki<\/li>\n<\/ul>\n<\/div>\n<div class=\"tour-card\" style=\"margin-top: 25px;\">\n<h3 style=\"font-size: 20px;\"><strong>Idealne na trasy wiejskie, naturalne szlaki.<\/strong><\/h3>\n<p>\n\u015awietny wyb\u00f3r dla os\u00f3b, kt\u00f3re chc\u0105 odkrywa\u0107 zielone tereny Rzymu, jego spokojne okolice oraz drog\u0119 Appijsk\u0105.\n<\/p>\n<ul>\n<li>Odkrywaj wzg\u00f3rza, parki i malownicze \u015bcie\u017cki Rzymu<\/li>\n<li>Ucieknij od zat\u0142oczonych stref turystycznych<\/li>\n<li>Ciesz si\u0119 bardziej aktywnym i anga\u017cuj\u0105cym do\u015bwiadczeniem<\/li>\n<li>Idealne zar\u00f3wno na spokojne przeja\u017cd\u017cki, jak i na bardziej przygodowe trasy<\/li>\n<\/ul>\n<\/div>\n<p style=\"margin-top: 25px; text-align: left;\" class=\"translation-block\">Je\u015bli jazda na rowerze to Twoja pasja, nie zapomnij sprawdzi\u0107 naszych <span style=\"color: #3366ff\"> <a style=\"color: #3366ff\" href=\"https:\/\/easybikerent.it\/pl\/appian-way-e-bike-tours\/\" target=\"_self\">wycieczek<\/a> <\/span>, aby prze\u017cy\u0107 niezapomniane, prowadzone do\u015bwiadczenia.<\/p>\n<h2 style=\"margin-top:40px;\"><strong>Najcz\u0119\u015bciej Zadawane Pytania<\/strong><\/h2>\n<h3><strong>Czy rower g\u00f3rski nadaje si\u0119 na Via Appia?<\/strong><\/h3>\n<p>\nTak. Rower g\u00f3rski jest jedn\u0105 z najlepszych opcji bez wspomagania elektrycznego na Via Appia. Szersze opony i stabilna geometria sprawiaj\u0105, \u017ce doskonale radzi sobie na nier\u00f3wnych kamieniach bazaltowych, drogach gruntowych i zr\u00f3\u017cnicowanym terenie.\n<\/p>\n<h3><strong>Jaka jest r\u00f3\u017cnica mi\u0119dzy rowerem g\u00f3rskim a rowerem gravelowym?<\/strong><\/h3>\n<p>\nA Mountain Bike offers more stability, wider tires, and better control on rough terrain. A Gravel Bike is faster on paved roads but less comfortable on the Appian Way\u2019s uneven stones. For the Appian Way, the MTB is the better choice.\n<\/p>\n<h3><strong>Jaki rozmiar roweru powinienem wybra\u0107?<\/strong><\/h3>\n<p>\nDzi\u0119ki ramom od 19\u201d do 24\u201d oraz ko\u0142om od 26\u201d do 29\u201d, nasze rowery g\u00f3rskie pasuj\u0105 do rowerzyst\u00f3w o wzro\u015bcie od oko\u0142o 1,60 m do 1,95 m. Nasz zesp\u00f3\u0142 pomo\u017ce Ci wybra\u0107 idealny rozmiar.\n<\/p>\n<h3><strong>Czy rower g\u00f3rski nadaje si\u0119 dla pocz\u0105tkuj\u0105cych?<\/strong><\/h3>\n<p>\nTak, o ile czujesz si\u0119 pewnie, je\u017cd\u017c\u0105c po zr\u00f3\u017cnicowanym terenie. MTB jest stabilny i przewidywalny, co czyni go dobrym wyborem dla rowerzyst\u00f3w z podstawowymi umiej\u0119tno\u015bciami.\n<\/p>\n<h3><strong>Czy mog\u0119 u\u017cywa\u0107 roweru g\u00f3rskiego w centrum miasta?<\/strong><\/h3>\n<p>\nTak, ale jest zoptymalizowany pod k\u0105tem naturalnych szlak\u00f3w i tras wiejskich. W zabytkowym centrum wygodniejszy b\u0119dzie rower miejski lub City E\u2011Bike.\n<\/p>\n<h3><strong>Gdzie rozpoczyna si\u0119 wynajem?<\/strong><\/h3>\n<p>\nAll rentals start from our shop in front of Circus Maximus, with safe bike\u2011lane access to the Appian Way and Rome\u2019s green areas.\n<\/p>\n<h3 style=\"font-size: 19px; margin-bottom: 5px;\"><strong>Co jest wliczone w cen\u0119 wynajmu?<\/strong><\/h3>\n<p style=\"margin-bottom: 20px;\">\n    zabezpieczaj\u0105cy<\/p>\n<\/div>\n<\/div>","protected":false},"excerpt":{"rendered":"<p style=\"text-align: left; font-family: 'Roboto', sans-serif; font-size: 17px; line-height: 1.6; color: #333;\"> Do\u015bwiadcz najlepszego wynajmu rower\u00f3w g\u00f3rskich w Rzymie, idealnego dla os\u00f3b chc\u0105cych odkrywa\u0107 Drog\u0119 Appijsk\u0105. Nasze MTB s\u0105 stabilne, wygodne i doskona\u0142e do poznawania rzymskiej przyrody oraz malowniczej okolicy z pe\u0142n\u0105 \u0142atwo\u015bci\u0105. <\/p>","protected":false},"featured_media":1620,"comment_status":"closed","ping_status":"closed","template":"","meta":[],"product_cat":[118,495],"product_tag":[958,31,22,26,957,956],"class_list":{"0":"post-4061","1":"product","2":"type-product","3":"status-publish","4":"has-post-thumbnail","6":"product_cat-bicycles","7":"product_cat-our-vehicles","8":"product_tag-appian-way-by-mountain-bike","9":"product_tag-easy","10":"product_tag-eco","11":"product_tag-family","12":"product_tag-hire-a-mountain-bike-in-rome","13":"product_tag-mountain-bikes-in-rome","15":"first","16":"instock","17":"purchasable","18":"product-type-redq_rental"},"_links":{"self":[{"href":"https:\/\/easybikerent.it\/pl\/wp-json\/wp\/v2\/product\/4061","targetHints":{"allow":["GET"]}}],"collection":[{"href":"https:\/\/easybikerent.it\/pl\/wp-json\/wp\/v2\/product"}],"about":[{"href":"https:\/\/easybikerent.it\/pl\/wp-json\/wp\/v2\/types\/product"}],"replies":[{"embeddable":true,"href":"https:\/\/easybikerent.it\/pl\/wp-json\/wp\/v2\/comments?post=4061"}],"wp:featuredmedia":[{"embeddable":true,"href":"https:\/\/easybikerent.it\/pl\/wp-json\/wp\/v2\/media\/1620"}],"wp:attachment":[{"href":"https:\/\/easybikerent.it\/pl\/wp-json\/wp\/v2\/media?parent=4061"}],"wp:term":[{"taxonomy":"product_cat","embeddable":true,"href":"https:\/\/easybikerent.it\/pl\/wp-json\/wp\/v2\/product_cat?post=4061"},{"taxonomy":"product_tag","embeddable":true,"href":"https:\/\/easybikerent.it\/pl\/wp-json\/wp\/v2\/product_tag?post=4061"}],"curies":[{"name":"wp","href":"https:\/\/api.w.org\/{rel}","templated":true}]}}