{"id":4065,"date":"2023-07-16T17:22:07","date_gmt":"2023-07-16T15:22:07","guid":{"rendered":"https:\/\/easybikerent.it\/?post_type=product&#038;p=4065"},"modified":"2026-02-01T23:42:25","modified_gmt":"2026-02-01T22:42:25","slug":"gravel-bikes","status":"publish","type":"product","link":"https:\/\/easybikerent.it\/pl\/prodotto\/gravel-bikes\/","title":{"rendered":"Rowery gravel"},"content":{"rendered":"<div class=\"page-content\" style=\"font-family: 'Roboto', sans-serif; font-size: 17px; line-height: 1.6; color: #333;\">\n<h1 style=\"text-align: center;\"><strong>Wypo\u017cycz gravel bike i odkryj swoje prawdziwe oblicze Rzymu<\/strong><\/h1>\n<p class=\"lead\">Wszechstronna, niezawodna i idealna do odkrywania Rzymu na ka\u017cdym rodzaju nawierzchni.<\/p>\n<p>Nasze rowery gravel zosta\u0142y zaprojektowane dla os\u00f3b poszukuj\u0105cych maksymalnej swobody i wszechstronno\u015bci podczas odkrywania Rzymu i okolic. Dzi\u0119ki ramom od S do XL oraz ko\u0142om 28\u201d, zapewniaj\u0105 stabilno\u015b\u0107, komfort i doskona\u0142e osi\u0105gi zar\u00f3wno na asfaltowych drogach, jak i na trasach o zr\u00f3\u017cnicowanej nawierzchni.<\/p>\n<p>Najwa\u017cniejszym modelem w naszej kategorii gravel jest Bergamont Endurance \u2014 wysokiej jako\u015bci rower gravel zaprojektowany z my\u015bl\u0105 o komforcie, wydajno\u015bci i trwa\u0142o\u015bci. Zaawansowane komponenty oraz geometria ukierunkowana na d\u0142ugie dystanse sprawiaj\u0105, \u017ce doskonale sprawdza si\u0119 podczas d\u0142ugich tras, malowniczych przejazd\u00f3w i zr\u00f3\u017cnicowanych krajobraz\u00f3w.<\/p>\n<p>Dzi\u0119ki ergonomicznym kierownicom i nieco bardziej zrelaksowanej pozycji jazdy, Bergamont Endurance zmniejsza obci\u0105\u017cenie nadgarstk\u00f3w, ramion i plec\u00f3w, zapewniaj\u0105c p\u0142ynn\u0105 i przyjemn\u0105 jazd\u0119 nawet podczas d\u0142u\u017cszych wypraw.<\/p>\n<p>Dzi\u0119ki solidnej konstrukcji, wszechstronnemu prze\u015bwitowi na opony i niezawodnym komponentom, ten rower gravel doskonale radzi sobie na szutrowych \u015bcie\u017ckach, zachowuj\u0105c \u015bwietne prowadzenie r\u00f3wnie\u017c na asfaltowych drogach. To idealny wyb\u00f3r do odkrywania rzymskiej okolicy oraz swobodnego poruszania si\u0119 po mie\u015bcie.<\/p>\n<h2 style=\"font-size: 22px; margin-top: 35px;\"><strong>Dlaczego warto wybra\u0107 nasze rowery gravel<\/strong><\/h2>\n<div style=\"margin-top: 25px;\">\n<h3 style=\"font-size: 20px;\"><strong>Wszechstronna i Terenowa Wydajno\u015b\u0107<\/strong><\/h3>\n<p>Rowery gravel zosta\u0142y stworzone, aby z \u0142atwo\u015bci\u0105 przechodzi\u0107 z g\u0142adkich dr\u00f3g na mieszane nawierzchnie, daj\u0105c Ci pe\u0142n\u0105 swobod\u0119 w wyborze trasy.<\/p>\n<ul>\n<li>Idealna na asfalt, szutrowe \u015bcie\u017cki i trasy wiejskie<\/li>\n<li>Ko\u0142a 28\u201d zapewniaj\u0105ce stabilno\u015b\u0107 i p\u0142ynne toczenie<\/li>\n<li>Wiele rozmiar\u00f3w ram: od S do XL<\/li>\n<li>Idealny do odkrywania Rzymu i okolicznych krajobraz\u00f3w<\/li>\n<\/ul>\n<\/div>\n<div style=\"margin-top: 25px;\">\n<h3 style=\"font-size: 20px;\"><strong>Projekt zapewniaj\u0105cy komfort i wytrzyma\u0142o\u015b\u0107<\/strong><\/h3>\n<p>Bergamont Endurance oferuje zrelaksowan\u0105 geometri\u0119 i ergonomiczne ustawienie, zapewniaj\u0105c komfort bez utraty osi\u0105g\u00f3w.<\/p>\n<ul>\n<li>Pozycja jazdy ukierunkowana na d\u0142ugie dystanse<\/li>\n<li>Ergonomiczna kierownica zmniejszaj\u0105ca obci\u0105\u017cenie<\/li>\n<li>Niezawodne komponenty do d\u0142ugich tras<\/li>\n<li>Doskona\u0142e prowadzenie zar\u00f3wno w mie\u015bcie, jak i na otwartych drogach<\/li>\n<\/ul>\n<\/div>\n<p style=\"margin-top: 25px;\" class=\"translation-block\">Je\u015bli jazda na rowerze to Twoja pasja, nie zapomnij sprawdzi\u0107 naszych <span style=\"color: #3366ff\"> <a style=\"color: #3366ff\" href=\"https:\/\/easybikerent.it\/pl\/appian-way-e-bike-tours\/\" target=\"_self\">wycieczek<\/a> <\/span>, aby prze\u017cy\u0107 niezapomniane, prowadzone do\u015bwiadczenia.<\/p>\n<h2 style=\"margin-top:40px;\"><strong>Najcz\u0119\u015bciej Zadawane Pytania<\/strong><\/h2>\n<h3><strong>Czy rower gravelowy nadaje si\u0119 na Via Appia?<\/strong><\/h3>\n<p>\nTak, rower gravelowy mo\u017cna u\u017cywa\u0107 na Via Appia dzi\u0119ki szerszym oponom i stabilnej geometrii. Jednak dla maksymalnego komfortu na nier\u00f3wnych kamieniach bazaltowych polecamy nasze modele <strong>MTB<\/strong> lub <strong>MTB Plus<\/strong>, zaprojektowane tak, aby zapewnia\u0142y lepsz\u0105 amortyzacj\u0119 i p\u0142ynniejsz\u0105 jazd\u0119. <strong>MTB<\/strong> or <strong>MTB Plus<\/strong> models remain the best options.\n<\/p>\n<h3><strong>Po jakim terenie mog\u0119 je\u017adzi\u0107 rowerem gravelowym?<\/strong><\/h3>\n<p>\nRowery gravelowe s\u0105 idealne na zr\u00f3\u017cnicowany teren: asfalt, szutrowe \u015bcie\u017cki, trasy wiejskie i lekkie odcinki off\u2011road. Oferuj\u0105 doskona\u0142\u0105 wszechstronno\u015b\u0107 podczas zwiedzania zar\u00f3wno Rzymu, jak i jego okolic.\n<\/p>\n<h3><strong>Jaki rozmiar roweru powinienem wybra\u0107?<\/strong><\/h3>\n<p>\nDzi\u0119ki ramom w rozmiarach od S do XL oraz ko\u0142om 28\u201d, nasze rowery gravelowe pasuj\u0105 do wi\u0119kszo\u015bci rowerzyst\u00f3w o wzro\u015bcie od oko\u0142o 1,60 m do 1,95 m. Je\u015bli masz w\u0105tpliwo\u015bci, nasz zesp\u00f3\u0142 pomo\u017ce Ci wybra\u0107 idealny rozmiar.\n<\/p>\n<h3><strong>Czy rowery gravelowe s\u0105 wygodne na d\u0142ugie trasy?<\/strong><\/h3>\n<p>\nTak. Bergamont Endurance posiada ergonomiczn\u0105 kierownic\u0119, zrelaksowan\u0105 pozycj\u0119 jazdy oraz geometri\u0119 ukierunkowan\u0105 na d\u0142ugie dystanse, zaprojektowan\u0105 tak, aby zmniejsza\u0107 zm\u0119czenie podczas d\u0142ugich przeja\u017cd\u017cek.\n<\/p>\n<h3><strong>Czy pocz\u0105tkuj\u0105cy mog\u0105 wypo\u017cyczy\u0107 rower gravelowy?<\/strong><\/h3>\n<p>\nTak, o ile czujesz si\u0119 pewnie, je\u017cd\u017c\u0105c po zr\u00f3\u017cnicowanym terenie. Rowery gravelowe s\u0105 stabilne i przewidywalne, ale najlepiej sprawdzaj\u0105 si\u0119 u rowerzyst\u00f3w z podstawowym do\u015bwiadczeniem.\n<\/p>\n<h3><strong>Czy rower gravelowy nadaje si\u0119 do zwiedzania centrum Rzymu?<\/strong><\/h3>\n<p>\nZdecydowanie tak. Rowery gravelowe \u015bwietnie radz\u0105 sobie na asfaltowych ulicach i zapewniaj\u0105 p\u0142ynn\u0105, efektywn\u0105 jazd\u0119 po zabytkowym centrum Rzymu, \u015bcie\u017ckach rowerowych i strefach o ma\u0142ym nat\u0119\u017ceniu ruchu.\n<\/p>\n<h3 style=\"font-size: 19px; margin-bottom: 5px;\"><strong>Co jest wliczone w cen\u0119 wynajmu?<\/strong><\/h3>\n<p style=\"margin-bottom: 20px;\">\n    zabezpieczaj\u0105cy<\/p>\n<\/div>","protected":false},"excerpt":{"rendered":"<p style=\"text-align: left; font-family: 'Roboto', sans-serif; font-size: 17px; line-height: 1.6; color: #333;\"> Odkryj krajobrazy Rzymu dzi\u0119ki naszej premium wypo\u017cyczalni rower\u00f3w gravel, idealnej do jazdy \u015bcie\u017ck\u0105 rowerow\u0105 nad Tybrem, zwiedzania park\u00f3w wok\u00f3\u0142 miasta lub pokonywania d\u0142ugodystansowych tras, takich jak Via Francigena. Wszechstronne, szybkie i wygodne zar\u00f3wno na asfalcie, jak i na szutrze, nasze rowery gravel s\u0105 idealne dla os\u00f3b poszukuj\u0105cych wolno\u015bci i przygody. Ka\u017cdy wynajem obejmuje dost\u0119p do naszych starannie przygotowanych malowniczych tras, zaprojektowanych tak, aby poprowadzi\u0107 Ci\u0119 przez najpi\u0119kniejsze i najbardziej autentyczne okolice Rzymu. <\/p>","protected":false},"featured_media":3988,"comment_status":"closed","ping_status":"closed","template":"","meta":[],"product_cat":[118,495],"product_tag":[31,22,942,940,941,937],"class_list":{"0":"post-4065","1":"product","2":"type-product","3":"status-publish","4":"has-post-thumbnail","6":"product_cat-bicycles","7":"product_cat-our-vehicles","8":"product_tag-easy","9":"product_tag-eco","10":"product_tag-gravel-bike-in-rome","11":"product_tag-high-quality-gravel-bike","12":"product_tag-rent-a-gravel-bike-in-rome","13":"product_tag-visit-the-appian-way-without-a-guide","15":"first","16":"instock","17":"purchasable","18":"product-type-redq_rental"},"_links":{"self":[{"href":"https:\/\/easybikerent.it\/pl\/wp-json\/wp\/v2\/product\/4065","targetHints":{"allow":["GET"]}}],"collection":[{"href":"https:\/\/easybikerent.it\/pl\/wp-json\/wp\/v2\/product"}],"about":[{"href":"https:\/\/easybikerent.it\/pl\/wp-json\/wp\/v2\/types\/product"}],"replies":[{"embeddable":true,"href":"https:\/\/easybikerent.it\/pl\/wp-json\/wp\/v2\/comments?post=4065"}],"wp:featuredmedia":[{"embeddable":true,"href":"https:\/\/easybikerent.it\/pl\/wp-json\/wp\/v2\/media\/3988"}],"wp:attachment":[{"href":"https:\/\/easybikerent.it\/pl\/wp-json\/wp\/v2\/media?parent=4065"}],"wp:term":[{"taxonomy":"product_cat","embeddable":true,"href":"https:\/\/easybikerent.it\/pl\/wp-json\/wp\/v2\/product_cat?post=4065"},{"taxonomy":"product_tag","embeddable":true,"href":"https:\/\/easybikerent.it\/pl\/wp-json\/wp\/v2\/product_tag?post=4065"}],"curies":[{"name":"wp","href":"https:\/\/api.w.org\/{rel}","templated":true}]}}