{"id":4145,"date":"2023-08-19T16:23:33","date_gmt":"2023-08-19T14:23:33","guid":{"rendered":"https:\/\/easybikerent.it\/?post_type=product&#038;p=4145"},"modified":"2026-02-01T23:32:22","modified_gmt":"2026-02-01T22:32:22","slug":"electric-mountain-bikes","status":"publish","type":"product","link":"https:\/\/easybikerent.it\/pl\/prodotto\/electric-mountain-bikes\/","title":{"rendered":"G\u00f3rski rower elektryczny"},"content":{"rendered":"<div class=\"page-content\" style=\"font-family: 'Roboto', sans-serif; font-size: 17px; line-height: 1.6; color: #333;\">\n<h1 style=\"text-align: center;\">\n  <strong>Wynajmij E\u2011Mountain Bike i Odkryj Swoje Prawdziwe Rzym<\/strong><br \/>\n<\/h1>\n<p class=\"lead\">Mocne, niezawodne i idealne do \u0142atwego odkrywania najbardziej kultowych tras Rzymu.<\/p>\n<p>\nElectric Mountain Bikes to idealny wyb\u00f3r do zwiedzania Via Appia Antica, Katakumb i Akwedukt\u00f3w. Dzi\u0119ki dodatkowej mocy i stabilno\u015bci \u0142atwo pokonuj\u0105 bruk, \u0142agodne wzniesienia i wiejskie \u015bcie\u017cki, pozwalaj\u0105c odkrywa\u0107 Rzym w spos\u00f3b inteligentny, wygodny i zr\u00f3wnowa\u017cony.\n<\/p>\n<p>\nNasze e\u2011MTB typu all\u2011terrain zosta\u0142y zaprojektowane tak, aby zapewnia\u0107 maksymaln\u0105 kontrol\u0119 i wysok\u0105 wydajno\u015b\u0107 na r\u00f3\u017cnorodnych nawierzchniach. Dzi\u0119ki ramom w rozmiarach od 17\u201d do 22\u201d oraz ko\u0142om 27.5\u201d lub 29\u201d, oferuj\u0105 doskona\u0142e dopasowanie dla wi\u0119kszo\u015bci rowerzyst\u00f3w, gwarantuj\u0105c p\u0142ynn\u0105 i przyjemn\u0105 jazd\u0119 przez ca\u0142\u0105 tras\u0119.\n<\/p>\n<p>\nWynajem e\u2011MTB w Rzymie to komfort, stabilno\u015b\u0107 i wolno\u015b\u0107 jazdy dalej przy mniejszym wysi\u0142ku. Niezale\u017cnie od tego, czy pokonujesz podjazd, jedziesz po nier\u00f3wnym terenie, czy po prostu przemierzasz parki i zielone obszary miasta, wspomaganie silnika daje Ci dodatkowy zastrzyk mocy dok\u0142adnie wtedy, gdy go potrzebujesz.\n<\/p>\n<p>\nWytrzyma\u0142e, muskularne i dumnie w\u0142oskie, nasze e\u2011MTB wyposa\u017cone s\u0105 w przednie zawieszenie oraz wysokowydajne silniki, kt\u00f3re zapewniaj\u0105 niezawodne wsparcie na ka\u017cdym rodzaju nawierzchni. Od historycznego centrum po panoramiczne trasy wiejskie \u2014 \u017cadna destynacja nie jest poza zasi\u0119giem.\n<\/p>\n<p class=\"translation-block\">Elektryczne rowery g\u00f3rskie to r\u00f3wnie\u017c najlepszy mo\u017cliwy wyb\u00f3r do odkrywania Via Appia Antica, dzi\u0119ki swojej mocy, wygodzie i stabilno\u015bci na zr\u00f3\u017cnicowanych nawierzchniach. Aby umo\u017cliwi\u0107 Ci bezpieczne i bezstresowe zwiedzanie, udost\u0119pniamy kilka starannie przygotowanych tras, w tym s\u0142ynn\u0105 Scott Rozier route, jedn\u0105 z najbardziej cenionych i malowniczych dr\u00f3g prowadz\u0105cych przez Drog\u0119 Appijsk\u0105 i jej archeologiczne skarby.<\/p>\n<p>\nMocna, niezawodna i idealna do \u0142atwego odkrywania najbardziej kultowych tras Rzymu\n<\/p>\n<h2 style=\"font-size: 22px; margin-top: 35px;\">\n  <strong>Dlaczego Warto Wybra\u0107 Nasze Electric Mountain Bikes<\/strong><br \/>\n<\/h2>\n<div class=\"tour-card\" style=\"margin-top: 25px;\">\n<h3 style=\"font-size: 20px;\"><strong>Moc i Komfort na Ka\u017cdym Terenie<\/strong><\/h3>\n<p>\nZaprojektowana, aby z \u0142atwo\u015bci\u0105 radzi\u0107 sobie z r\u00f3\u017cnorodnymi krajobrazami Rzymu \u2014 od bruku po wiejskie \u015bcie\u017cki.\n<\/p>\n<ul>\n<li>Wysokowydajne silniki zapewniaj\u0105ce p\u0142ynne wspomaganie<\/li>\n<li>Przednie zawieszenie dla wi\u0119kszego komfortu<\/li>\n<li>**Ko\u0142a 27.5\u201d lub 29\u201d dla stabilno\u015bci<\/li>\n<li>Idealne na Via Appia Antica, Katakumby i Akwedukty<\/li>\n<\/ul>\n<\/div>\n<div class=\"tour-card\" style=\"margin-top: 25px;\">\n<h3 style=\"font-size: 20px;\"><strong>Idealne na d\u0142u\u017csze, malownicze wyprawy<\/strong><\/h3>\n<p>\nCiesz si\u0119 rzymsk\u0105 okolic\u0105 i malowniczymi trasami bez obaw o zm\u0119czenie\n<\/p>\n<ul>\n<li>Odkrywaj wi\u0119cej przy mniejszym wysi\u0142ku<\/li>\n<li>Docieraj do punkt\u00f3w widokowych z \u0142atwo\u015bci\u0105<\/li>\n<li>Odpowiednia dla wi\u0119kszo\u015bci wzrost\u00f3w i styl\u00f3w jazdy<\/li>\n<li>Obejmuje starannie dobrane trasy, w tym tras\u0119 Scotta Roziera<\/li>\n<\/ul>\n<\/div>\n<p style=\"margin-top: 25px; text-align: left;\" class=\"translation-block\">Je\u015bli jazda na rowerze to Twoja pasja, nie zapomnij sprawdzi\u0107 naszych <span style=\"color: #3366ff\"> <a style=\"color: #3366ff\" href=\"https:\/\/easybikerent.it\/pl\/appian-way-e-bike-tours\/\" target=\"_self\">wycieczek<\/a> <\/span>, aby prze\u017cy\u0107 niezapomniane, prowadzone do\u015bwiadczenia.<\/p>\n<h2 style=\"font-size: 22px; margin-top: 45px;\">\n  <strong>Najcz\u0119\u015bciej Zadawane Pytania<\/strong><br \/>\n<\/h2>\n<div class=\"faq-section\" style=\"margin-top: 25px;\">\n<h3 style=\"font-size: 19px; margin-bottom: 5px;\"><strong>Czy elektryczne rowery g\u00f3rskie nadaj\u0105 si\u0119 na Via Appia?<\/strong><\/h3>\n<p style=\"margin-bottom: 20px;\">\n    Tak. Nasze e\u2011MTB to najlepszy wyb\u00f3r na Via Appia dzi\u0119ki ich mocy, stabilno\u015bci i wygodzie na bruku oraz zr\u00f3\u017cnicowanych nawierzchniach.\n  <\/p>\n<h3 style=\"font-size: 19px; margin-bottom: 5px;\"><strong>Jakie rozmiary elektrycznych rower\u00f3w g\u00f3rskich oferujecie?<\/strong><\/h3>\n<p style=\"margin-bottom: 20px;\">\n    We bieden frame\u00admaten van 17\u201d tot 22\u201d en wielen van 27.5\u201d of 29\u201d, zodat de meeste rijders altijd de perfecte pasvorm vinden.\n  <\/p>\n<h3 style=\"font-size: 19px; margin-bottom: 5px;\"><strong>Czy elektryczne rowery g\u00f3rskie s\u0105 \u0142atwe w obs\u0142udze dla pocz\u0105tkuj\u0105cych?<\/strong><\/h3>\n<p style=\"margin-bottom: 20px;\">\n    Absolutely. The motor assistance makes riding smooth and effortless, even on hills or uneven surfaces.\n  <\/p>\n<h3 style=\"font-size: 19px; margin-bottom: 5px;\"><strong>Co jest wliczone w cen\u0119 wynajmu?<\/strong><\/h3>\n<p style=\"margin-bottom: 20px;\">\n    zabezpieczaj\u0105cy\n  <\/p>\n<h3 style=\"font-size: 19px; margin-bottom: 5px;\"><strong>Czy oferujecie trasy na Via Appia?<\/strong><\/h3>\n<p style=\"margin-bottom: 20px;\">\n    Tak. Oferujemy starannie przygotowane trasy, takie jak itinerarz Scotta Roziera, aby umo\u017cliwi\u0107 Ci bezpieczne i pewne zwiedzanie.\n  <\/p>\n<h3 style=\"font-size: 19px; margin-bottom: 5px;\"><strong>Czy mog\u0119 doda\u0107 sakwy lub akcesoria do roweru?<\/strong><\/h3>\n<p style=\"margin-bottom: 20px;\">\n    Mo\u017cesz doda\u0107 sakwy Ortlieb (pojedyncz\u0105 lub par\u0119), aby zyska\u0107 dodatkow\u0105 przestrze\u0144 baga\u017cow\u0105 podczas przeja\u017cd\u017cki.\n  <\/p>\n<\/div>\n<\/div>","protected":false},"excerpt":{"rendered":"<p style=\"text-align: left; font-family: 'Roboto', sans-serif; font-size: 17px; line-height: 1.6; color: #333;\"> Nasze Electric Mountain Bikes to idealny wyb\u00f3r do odkrywania Via Appia Antica oraz najpi\u0119kniejszych tras wiejskich wok\u00f3\u0142 Rzymu. Mocne, stabilne i \u0142atwe w prowadzeniu, pozwalaj\u0105 jecha\u0107 dalej przy mniejszym wysi\u0142ku, zapewniaj\u0105c pe\u0142en komfort na zr\u00f3\u017cnicowanym terenie. Idealne zar\u00f3wno na spokojne przeja\u017cd\u017cki, jak i d\u0142u\u017csze wyprawy, te e\u2011MTB oferuj\u0105 starannie przygotowane trasy \u2014 w tym popularn\u0105 tras\u0119 Scotta Roziera \u2014 aby bezpiecznie i pewnie odkrywa\u0107 naturalne i archeologiczne skarby Rzymu. <\/p>","protected":false},"featured_media":2553,"comment_status":"closed","ping_status":"closed","template":"","meta":[],"product_cat":[113,495],"product_tag":[945,915,916,912,918,944,936,934,937],"class_list":{"0":"post-4145","1":"product","2":"type-product","3":"status-publish","4":"has-post-thumbnail","6":"product_cat-hire-e-bikes-electric-bicycles","7":"product_cat-our-vehicles","8":"product_tag-e-mountain-bike-for-rent-in-rome","9":"product_tag-e-bike-in-rome","10":"product_tag-e-bike-rental-near-trastevere","11":"product_tag-electric-bike-rental-in-rome","12":"product_tag-electric-bike-rental-in-the-center-of-rome","13":"product_tag-electric-mountain-bike-in-rome-for-rent","14":"product_tag-rent-a-high-quality-mountain-bike-in-rome","15":"product_tag-rent-a-mountain-bike-in-rome","16":"product_tag-visit-the-appian-way-without-a-guide","18":"first","19":"instock","20":"purchasable","21":"product-type-redq_rental"},"_links":{"self":[{"href":"https:\/\/easybikerent.it\/pl\/wp-json\/wp\/v2\/product\/4145","targetHints":{"allow":["GET"]}}],"collection":[{"href":"https:\/\/easybikerent.it\/pl\/wp-json\/wp\/v2\/product"}],"about":[{"href":"https:\/\/easybikerent.it\/pl\/wp-json\/wp\/v2\/types\/product"}],"replies":[{"embeddable":true,"href":"https:\/\/easybikerent.it\/pl\/wp-json\/wp\/v2\/comments?post=4145"}],"wp:featuredmedia":[{"embeddable":true,"href":"https:\/\/easybikerent.it\/pl\/wp-json\/wp\/v2\/media\/2553"}],"wp:attachment":[{"href":"https:\/\/easybikerent.it\/pl\/wp-json\/wp\/v2\/media?parent=4145"}],"wp:term":[{"taxonomy":"product_cat","embeddable":true,"href":"https:\/\/easybikerent.it\/pl\/wp-json\/wp\/v2\/product_cat?post=4145"},{"taxonomy":"product_tag","embeddable":true,"href":"https:\/\/easybikerent.it\/pl\/wp-json\/wp\/v2\/product_tag?post=4145"}],"curies":[{"name":"wp","href":"https:\/\/api.w.org\/{rel}","templated":true}]}}