{"id":699,"date":"2017-12-15T14:51:40","date_gmt":"2017-12-15T13:51:40","guid":{"rendered":"https:\/\/easybikerent.it\/?post_type=product&#038;p=699"},"modified":"2026-01-31T17:21:41","modified_gmt":"2026-01-31T16:21:41","slug":"rent-a-trekking-or-a-city-bike","status":"publish","type":"product","link":"https:\/\/easybikerent.it\/pl\/prodotto\/rent-a-trekking-or-a-city-bike\/","title":{"rendered":"Rowery trekkingowe lub miejskie"},"content":{"rendered":"<div style=\"font-family: 'Roboto', sans-serif; font-size: 17px; line-height: 1.6; color: #333;\">\n<h1>Rowery trekkingowe lub miejskie<\/h1>\n<p> Rowery trekkingowe lub miejskie - uniwersalne i godne zaufania. Ramy o wymiarach od 17 do 22 cali, ko\u0142a od 26 do 28 cali, odpowiednie dla ka\u017cdego, niezale\u017cnie od wzrostu i budowy cia\u0142a. <\/p>\n<p><strong>Idealne do odkrywania rzymskiego centrum historycznego, \u015bcie\u017cek rowerowych i ulic o niewielkim ruchu.<\/strong><\/p>\n<p> Poznaj Rzym jak miejscowy dzi\u0119ki naszym wysokiej jako\u015bci rowerom trekkingowym i miejskim \u2014 prostym, wytrzyma\u0142ym i idealnym do odkrywania historycznego centrum oraz jego najbardziej kultowych dzielnic. Niezale\u017cnie od tego, czy planujesz spokojn\u0105 przeja\u017cd\u017ck\u0119 w\u015br\u00f3d rzymskich zabytk\u00f3w, czy dzie\u0144 zwiedzania, te rowery oferuj\u0105 idealn\u0105 r\u00f3wnowag\u0119 mi\u0119dzy komfortem a wszechstronno\u015bci\u0105. <\/p>\n<p> Wszystkie nasze rowery trekkingowe i miejskie s\u0105 produkowane we W\u0142oszech i stworzone z my\u015bl\u0105 o niezawodno\u015bci. Dzi\u0119ki ramom o rozmiarach od 17\u201d do 22\u201d oraz ko\u0142om 26\u201d lub 28\u201d zapewniamy wygodne dopasowanie dla wi\u0119kszo\u015bci wzrost\u00f3w i typ\u00f3w sylwetek. Ka\u017cdy rower jest regularnie serwisowany i konserwowany, aby zagwarantowa\u0107 p\u0142ynn\u0105 i bezpieczn\u0105 jazd\u0119 przez ca\u0142y okres wynajmu. <\/p>\n<p> Dzi\u0119ki ergonomicznemu projektowi i stabilnemu prowadzeniu, te rowery s\u0105 odpowiednie dla rowerzyst\u00f3w na ka\u017cdym poziomie \u2014 od najbardziej do\u015bwiadczonych po podr\u00f3\u017cnych, kt\u00f3rzy po prostu chc\u0105 w \u0142atwy i przyjemny spos\u00f3b odkrywa\u0107 Rzym. <\/p>\n<h2 style=\"margin-top:35px;\"><strong>Dlaczego Warto Wybra\u0107 Nasze Rowery Trekkingowe i Miejskie<\/strong><\/h2>\n<div style=\"margin-top:20px;\">\n<h3><strong>Wygodne i Wszechstronne Rowery<\/strong><\/h3>\n<p>Idealne do poruszania si\u0119 po ulicach Rzymu ze stabilno\u015bci\u0105 i \u0142atwo\u015bci\u0105.<\/p>\n<ul>\n<li>Lekkie i wytrzyma\u0142e ramy<\/li>\n<li>Ko\u0142a 26\u201d lub 28\u201d zapewniaj\u0105ce p\u0142ynn\u0105 jazd\u0119<\/li>\n<li>R\u00f3\u017cne rozmiary ram, aby idealnie dopasowa\u0107 rower<\/li>\n<li>Idealne do odkrywania centrum Rzymu<\/li>\n<\/ul><\/div>\n<div style=\"margin-top:20px;\">\n<h3><strong>Niezawodna W\u0142oska Jako\u015b\u0107<\/strong><\/h3>\n<p>Nasze rowery s\u0105 wybierane ze wzgl\u0119du na ich trwa\u0142o\u015b\u0107 i komfort, co zapewnia bezpieczn\u0105 i przyjemn\u0105 jazd\u0119.<\/p>\n<ul>\n<li>Regularna konserwacja i kontrole bezpiecze\u0144stwa<\/li>\n<li>Wygodne siode\u0142ka i ergonomiczna konstrukcja<\/li>\n<li>Odpowiednia dla rowerzyst\u00f3w o r\u00f3\u017cnym wzro\u015bcie<\/li>\n<\/ul><\/div>\n<p style=\"margin-top:25px;\" class=\"translation-block\">Je\u015bli jazda na rowerze to Twoja pasja, nie zapomnij sprawdzi\u0107 naszych <span style=\"color: #3366ff\"> <a style=\"color: #3366ff\" href=\"https:\/\/easybikerent.it\/pl\/appian-way-e-bike-tours\/\" target=\"_self\">wycieczek<\/a> <\/span>, aby prze\u017cy\u0107 niezapomniane, prowadzone do\u015bwiadczenia.<\/p>\n<h2 style=\"margin-top:40px;\"><strong>Najcz\u0119\u015bciej Zadawane Pytania<\/strong><\/h2>\n<h3><strong>Czy rowery trekkingowe i miejskie s\u0105 \u0142atwe w prowadzeniu?<\/strong><\/h3>\n<p> Tak. Te rowery s\u0105 lekkie, stabilne i odpowiednie dla rowerzyst\u00f3w na ka\u017cdym poziomie. Idealnie nadaj\u0105 si\u0119 do wygodnego i bezpiecznego zwiedzania centrum Rzymu oraz utwardzonych ulic. <\/p>\n<h3><strong>Czy mog\u0119 u\u017cywa\u0107 roweru trekkingowego lub miejskiego na Via Appia?<\/strong><\/h3>\n<p class=\"translation-block\">Rowery trekkingowe i miejskie nie nadaj\u0105 si\u0119 na Via Appia ani na teren off\u2011road. Je\u015bli chcesz je\u017adzi\u0107 po Via Appia, polecamy wynajem naszych modeli <strong>MTB<\/strong> lub <strong>MTB Plus<\/strong>, zaprojektowanych specjalnie z my\u015bl\u0105 o bardziej nier\u00f3wnych nawierzchniach i trudniejszym terenie.<\/p>\n<h3><strong>Jaki rower powinienem wybra\u0107 na Via Appia?<\/strong><\/h3>\n<p class=\"translation-block\">Na Via Appia najlepszym wyborem s\u0105 nasze rowery <strong>MTB<\/strong> lub <strong>MTB Plus<\/strong>. Zapewniaj\u0105 lepsz\u0105 przyczepno\u015b\u0107, stabilno\u015b\u0107 i komfort na bruku, drogach gruntowych i nier\u00f3wnych nawierzchniach.<\/p>\n<h3><strong>Jaki rozmiar roweru powinienem wybra\u0107?<\/strong><\/h3>\n<p> Dzi\u0119ki ramom od 17\u201d do 22\u201d oraz ko\u0142om 26\u201d lub 28\u201d, nasze rowery trekkingowe i miejskie pasuj\u0105 do wi\u0119kszo\u015bci rowerzyst\u00f3w o wzro\u015bcie od oko\u0142o 1,55 m do 1,95 m. <\/p>\n<h3><strong>Czy rowery s\u0105 wygodne na d\u0142ugie trasy?<\/strong><\/h3>\n<p> Tak. Wszystkie nasze rowery maj\u0105 ergonomiczne siode\u0142ka, wyprostowan\u0105 pozycj\u0119 jazdy i stabilne prowadzenie, dzi\u0119ki czemu s\u0105 wygodne zar\u00f3wno do zwiedzania, jak i do ca\u0142odziennego u\u017cytkowania. <\/p>\n<\/p><\/div>","protected":false},"excerpt":{"rendered":"<p style=\"text-align: left; font-family: 'Roboto', sans-serif; font-size: 17px; line-height: 1.6; color: #333;\"> Rowery trekkingowe lub miejskie - uniwersalne i godne zaufania. Ramy o wymiarach od 17 do 22 cali, ko\u0142a od 26 do 28 cali, odpowiednie dla ka\u017cdego, niezale\u017cnie od wzrostu i budowy cia\u0142a. <\/p>","protected":false},"featured_media":1515,"comment_status":"closed","ping_status":"closed","template":"","meta":[],"product_cat":[118,495],"product_tag":[954,955,953,977,22,978],"class_list":{"0":"post-699","1":"product","2":"type-product","3":"status-publish","4":"has-post-thumbnail","6":"product_cat-bicycles","7":"product_cat-our-vehicles","8":"product_tag-bicycle-for-rent","9":"product_tag-bike-hire-in-rome","10":"product_tag-bikes-with-a-basket","11":"product_tag-city-bikes-in-rome","12":"product_tag-eco","13":"product_tag-ladies-bikes-for-rent-in-rome","14":"FAQ-but-some-sections-may-include-regular-city-streets","16":"first","17":"instock","18":"purchasable","19":"product-type-redq_rental"},"_links":{"self":[{"href":"https:\/\/easybikerent.it\/pl\/wp-json\/wp\/v2\/product\/699","targetHints":{"allow":["GET"]}}],"collection":[{"href":"https:\/\/easybikerent.it\/pl\/wp-json\/wp\/v2\/product"}],"about":[{"href":"https:\/\/easybikerent.it\/pl\/wp-json\/wp\/v2\/types\/product"}],"replies":[{"embeddable":true,"href":"https:\/\/easybikerent.it\/pl\/wp-json\/wp\/v2\/comments?post=699"}],"wp:featuredmedia":[{"embeddable":true,"href":"https:\/\/easybikerent.it\/pl\/wp-json\/wp\/v2\/media\/1515"}],"wp:attachment":[{"href":"https:\/\/easybikerent.it\/pl\/wp-json\/wp\/v2\/media?parent=699"}],"wp:term":[{"taxonomy":"product_cat","embeddable":true,"href":"https:\/\/easybikerent.it\/pl\/wp-json\/wp\/v2\/product_cat?post=699"},{"taxonomy":"product_tag","embeddable":true,"href":"https:\/\/easybikerent.it\/pl\/wp-json\/wp\/v2\/product_tag?post=699"}],"curies":[{"name":"wp","href":"https:\/\/api.w.org\/{rel}","templated":true}]}}