{"id":895,"date":"2017-12-31T01:41:51","date_gmt":"2017-12-31T00:41:51","guid":{"rendered":"https:\/\/easybikerent.it\/?post_type=product&#038;p=895"},"modified":"2026-02-02T00:33:11","modified_gmt":"2026-02-01T23:33:11","slug":"rent-a-longtail-cargo-bike","status":"publish","type":"product","link":"https:\/\/easybikerent.it\/pl\/prodotto\/rent-a-longtail-cargo-bike\/","title":{"rendered":"Longtail cargo bike"},"content":{"rendered":"<div class=\"page-content\" style=\"font-family: 'Roboto', sans-serif; font-size: 17px; line-height: 1.6; color: #333;\">\n<h1 style=\"text-align: center; font-family: 'Roboto', sans-serif;\">\n  <strong>Rent a Longtail Cargo e\u2011Bike and Discover Your Real Rome<\/strong><br \/>\n<\/h1>\n<p class=\"lead\">Idealny rower elektryczny dla rodzin, kt\u00f3re chc\u0105 wsp\u00f3lnie odkrywa\u0107 Rzym \u2014 bezpiecznie, wygodnie i bez stresu.<\/p>\n<p style=\"text-align: left;\" class=\"translation-block\">Nasza Longtail Electric Bike zosta\u0142a zaprojektowana specjalnie z my\u015bl\u0105 o rodzinach zwiedzaj\u0105cych Rzym, oferuj\u0105c p\u0142ynn\u0105, stabiln\u0105 i przyjemn\u0105 jazd\u0119 zar\u00f3wno dla rodzic\u00f3w, jak i dzieci. Dzi\u0119ki wyd\u0142u\u017conej tylnej przestrzeni \u0142adunkowej ta e\u2011bike mo\u017ce wygodnie przewozi\u0107 <strong>do dwojga dzieci<\/strong>, staj\u0105c si\u0119 idealnym rozwi\u0105zaniem dla rodzin, kt\u00f3re chc\u0105 odkrywa\u0107 miasto bez ogranicze\u0144.<\/p>\n<p style=\"text-align: left;\">\nZbudowana na solidnej i przestronnej ramie, konstrukcja longtail zapewnia doskona\u0142\u0105 r\u00f3wnowag\u0119 nawet podczas przewo\u017cenia pasa\u017cer\u00f3w lub dodatkowego \u0142adunku. Mocny silnik elektryczny oferuje p\u0142ynne wspomaganie peda\u0142owania, pomagaj\u0105c z \u0142atwo\u015bci\u0105 porusza\u0107 si\u0119 po ulicach Rzymu, \u0142agodnych wzniesieniach i brukowanych odcinkach \u2014 nawet przy pe\u0142nym obci\u0105\u017ceniu.\n<\/p>\n<p style=\"text-align: left;\">\nSafety is a top priority: the bike features a robust frame, reliable brakes, and tires designed for urban riding conditions. Depending on the setup, the rear seating area can include accessories such as cushions, footrests, or harnesses to ensure that young passengers ride comfortably and securely.\n<\/p>\n<p style=\"text-align: left;\">\nOpr\u00f3cz przewo\u017cenia dzieci, platforma longtail oferuje du\u017co miejsca na torby, plecaki, zakupy lub rzeczy na piknik \u2014 idealna na rodzinne wycieczki, codzienne sprawunki czy weekendowe przygody. Niezale\u017cnie od tego, czy jedziesz do parku, muzeum czy po prostu odkrywasz rzymskie dzielnice, ta e\u2011bike daje Ci swobod\u0119 poruszania si\u0119 po mie\u015bcie z pe\u0142n\u0105 lekko\u015bci\u0105.\n<\/p>\n<p style=\"text-align: left;\">\n\u017bywotno\u015b\u0107 baterii i zasi\u0119g zale\u017c\u0105 od terenu, wagi \u0142adunku i poziomu wspomagania, ale nowoczesne longtail e\u2011bike oferuj\u0105 wystarczaj\u0105c\u0105 moc na ca\u0142y dzie\u0144 jazdy po centrum Rzymu. Mo\u017cesz cieszy\u0107 si\u0119 rodzinn\u0105 przygod\u0105 bez martwienia si\u0119 o cz\u0119ste \u0142adowanie.\n<\/p>\n<p style=\"text-align: left;\">\nWszechstronna i przyjazna rodzinom, nasza longtail e\u2011bike jest idealna do codziennych dojazd\u00f3w, spokojnych przeja\u017cd\u017cek i weekendowych wypad\u00f3w. Pozwala odkrywa\u0107 zabytki Rzymu, parki i malownicze trasy, sp\u0119dzaj\u0105c jednocze\u015bnie warto\u015bciowy czas z bliskimi \u2014 wszystko w spos\u00f3b komfortowy, ekologiczny i przyjemny.\n<\/p>\n<p style=\"text-align: left;\" class=\"translation-block\">Aby jeszcze bardziej u\u0142atwi\u0107 Twoj\u0105 podr\u00f3\u017c, oferujemy r\u00f3wnie\u017c <strong>bezpieczne, przyjazne rodzinom trasy<\/strong>, zaprojektowane tak, aby pom\u00f3c Ci odkrywa\u0107 najpi\u0119kniejsze zak\u0105tki Rzymu w pe\u0142nym spokoju.<\/p>\n<h2 style=\"font-family: 'Roboto', sans-serif; font-size: 22px; margin-top: 35px;\">\n  <strong>Dlaczego Warto Wybra\u0107 Nasz\u0105 Longtail Cargo e\u2011Bike<\/strong><br \/>\n<\/h2>\n<div class=\"tour-card\" style=\"margin-top: 25px;\">\n<h3 style=\"font-size: 20px;\"><strong>Idealna dla Rodzin<\/strong><\/h3>\n<p style=\"text-align: left;\">\nZaprojektowana do wygodnego i bezpiecznego przewo\u017cenia dwojga dzieci.\n<\/p>\n<ul>\n<li>Wyd\u0142u\u017cona tylna platforma dla dwojga m\u0142odych pasa\u017cer\u00f3w<\/li>\n<li>Stabilna i dobrze wywa\u017cona nawet przy pe\u0142nym obci\u0105\u017ceniu<\/li>\n<li>Wygodne opcje siedze\u0144 dla dzieci<\/li>\n<li>Idealna na rodzinne wyj\u015bcia i codzienne u\u017cytkowanie<\/li>\n<\/ul>\n<\/div>\n<div class=\"tour-card\" style=\"margin-top: 25px;\">\n<h3 style=\"font-size: 20px;\"><strong>Mocna, Praktyczna i \u0141atwa w Prowadzeniu<\/strong><\/h3>\n<p style=\"text-align: left;\">\nP\u0142ynne wspomaganie elektryczne sprawia, \u017ce jazda jest bezwysi\u0142kowa, nawet z dodatkowym obci\u0105\u017ceniem.\n<\/p>\n<ul>\n<li>Niezawodny silnik na wzniesienia i miejskie ulice<\/li>\n<li>D\u0142ugotrwa\u0142a bateria na ca\u0142odniowe przygody<\/li>\n<li>Miejsce na torby, zakupy lub rzeczy na piknik<\/li>\n<li>Zawiera bezpieczne, starannie przygotowane trasy dla rodzin<\/li>\n<\/ul>\n<\/div>\n<p style=\"margin-top: 25px; text-align: left;\" class=\"translation-block\">Je\u015bli jazda na rowerze jest Twoj\u0105 pasj\u0105, nie zapomnij zapozna\u0107 si\u0119 z naszymi <span style=\"color: #3366ff\"> <a style=\"color: #3366ff\" href=\"https:\/\/easybikerent.it\/pl\/afret-dark-bike-adventures\/\" target=\"_self\">wycieczkami<\/a> <\/span>, kt\u00f3re oferuj\u0105 niezapomniane, prowadzone do\u015bwiadczenia.<\/p>\n<h2 style=\"font-size: 22px; margin-top: 45px;\">\n  <strong>Najcz\u0119\u015bciej Zadawane Pytania<\/strong><br \/>\n<\/h2>\n<div class=\"faq-section\" style=\"margin-top: 25px;\">\n<h3 style=\"font-size: 19px; margin-bottom: 5px;\"><strong>Is the Longtail Cargo e\u2011Bike suitable for the Appian Way?<\/strong><\/h3>\n<p style=\"margin-bottom: 20px;\" class=\"translation-block\">Longtail Cargo e\u2011Bike nie jest idealnym rowerem na nier\u00f3wny lub trudny teren, ale nadal jest <strong>odpowiedni do przejechania ca\u0142ej trasy po Via Appia<\/strong>. Mo\u017cesz pokona\u0107 ca\u0142\u0105 tras\u0119, cho\u0107 staro\u017cytne bazaltowe kamienie mog\u0105 by\u0107 wymagaj\u0105ce, zw\u0142aszcza z dzie\u0107mi. Dla maksymalnego komfortu inne modele mog\u0105 by\u0107 lepiej dopasowane, jednak longtail pozostaje dobr\u0105 opcj\u0105 na ca\u0142e zwiedzanie.<\/p>\n<h3 style=\"font-size: 19px; margin-bottom: 5px;\"><strong>Ile dzieci mo\u017ce przewozi\u0107 rower Longtail e\u2011Bike?<\/strong><\/h3>\n<p style=\"margin-bottom: 20px;\" class=\"translation-block\">Wyd\u0142u\u017cona tylna platforma mo\u017ce wygodnie przewozi\u0107 <strong>do dwojga dzieci<\/strong>, w zale\u017cno\u015bci od konfiguracji siedze\u0144 i zainstalowanych akcesori\u00f3w.<\/p>\n<h3 style=\"font-size: 19px; margin-bottom: 5px;\"><strong>Czy rower Longtail e\u2011Bike jest \u0142atwy w prowadzeniu?<\/strong><\/h3>\n<p style=\"margin-bottom: 20px;\">\n    Tak. Silnik elektryczny zapewnia p\u0142ynne wspomaganie peda\u0142owania, a rama typu longtail zosta\u0142a zaprojektowana tak, aby oferowa\u0107 doskona\u0142\u0105 r\u00f3wnowag\u0119 i stabilno\u015b\u0107, nawet przy pe\u0142nym obci\u0105\u017ceniu.\n  <\/p>\n<h3 style=\"font-size: 19px; margin-bottom: 5px;\"><strong>Czy to jest bezpieczne dla dzieci?<\/strong><\/h3>\n<p style=\"margin-bottom: 20px;\">\n    Oczywi\u015bcie. W zale\u017cno\u015bci od konfiguracji rower mo\u017ce by\u0107 wyposa\u017cony w poduszki, podn\u00f3\u017cki lub pasy bezpiecze\u0144stwa, aby m\u0142odzi pasa\u017cerowie podr\u00f3\u017cowali wygodnie i bezpiecznie.\n  <\/p>\n<h3 style=\"font-size: 19px; margin-bottom: 5px;\"><strong>Do jakich tras najlepiej nadaje si\u0119 ten rower e\u2011Bike?<\/strong><\/h3>\n<p style=\"margin-bottom: 20px;\">\n    The Longtail e\u2011Bike performs best on paved streets, bike lanes, parks, and quiet neighborhoods.\n  <\/p>\n<h3 style=\"font-size: 19px; margin-bottom: 5px;\"><strong>Jak d\u0142ugo dzia\u0142a bateria?<\/strong><\/h3>\n<p style=\"margin-bottom: 20px;\">\n    Czas pracy baterii zale\u017cy od terenu, wagi \u0142adunku i poziomu wspomagania, ale zazwyczaj wystarcza na ca\u0142y dzie\u0144 jazdy po centrum Rzymu.\n  <\/p>\n<h3 style=\"font-size: 19px; margin-bottom: 5px;\"><strong>Co jest wliczone w cen\u0119 wynajmu?<\/strong><\/h3>\n<p style=\"margin-bottom: 20px%;\">\n    W cen\u0119 wynajmu wliczone s\u0105 kask, zamek zabezpieczaj\u0105cy, opony odporne na przebicia oraz uchwyt na telefon.\n  <\/p>\n<\/div>\n<\/div>","protected":false},"excerpt":{"rendered":"<p style=\"text-align: left; font-family: 'Roboto', sans-serif; font-size: 17px; line-height: 1.6; color: #333;\"> Nasza longtail cargo e\u2011bike to idealne rozwi\u0105zanie dla rodzin, kt\u00f3re chc\u0105 wsp\u00f3lnie odkrywa\u0107 Rzym. Dzi\u0119ki wyd\u0142u\u017conej tylnej platformie wygodnie przewozi dwoje dzieci, oferuj\u0105c jednocze\u015bnie doskona\u0142\u0105 stabilno\u015b\u0107, p\u0142ynne wspomaganie elektryczne i du\u017co miejsca na torby lub codzienne rzeczy. Idealna do jazdy po mie\u015bcie, parkach i rodzinnych wyprawach, ta e\u2011bike sprawia, \u017ce poruszanie si\u0119 po Rzymie jest \u0142atwe, bezpieczne i przyjemne dla ka\u017cdego. <\/p>","protected":false},"featured_media":4004,"comment_status":"closed","ping_status":"closed","template":"","meta":[],"product_cat":[258,947,115,495],"product_tag":[31,20,22,26,969,21,968],"class_list":{"0":"post-895","1":"product","2":"type-product","3":"status-publish","4":"has-post-thumbnail","6":"product_cat-bici-per-famiglie","7":"product_cat-easybikerent-it-ebike-tours-rome","8":"product_cat-family-bikes","9":"product_cat-our-vehicles","10":"product_tag-easy","11":"product_tag-ebike","12":"product_tag-eco","13":"product_tag-family","14":"product_tag-hire-e-bike-for-two-children-in-rome","15":"product_tag-ladies","16":"product_tag-long-tail-e-bike-for-hire-in-rome","18":"first","19":"instock","20":"purchasable","21":"product-type-redq_rental"},"_links":{"self":[{"href":"https:\/\/easybikerent.it\/pl\/wp-json\/wp\/v2\/product\/895","targetHints":{"allow":["GET"]}}],"collection":[{"href":"https:\/\/easybikerent.it\/pl\/wp-json\/wp\/v2\/product"}],"about":[{"href":"https:\/\/easybikerent.it\/pl\/wp-json\/wp\/v2\/types\/product"}],"replies":[{"embeddable":true,"href":"https:\/\/easybikerent.it\/pl\/wp-json\/wp\/v2\/comments?post=895"}],"wp:featuredmedia":[{"embeddable":true,"href":"https:\/\/easybikerent.it\/pl\/wp-json\/wp\/v2\/media\/4004"}],"wp:attachment":[{"href":"https:\/\/easybikerent.it\/pl\/wp-json\/wp\/v2\/media?parent=895"}],"wp:term":[{"taxonomy":"product_cat","embeddable":true,"href":"https:\/\/easybikerent.it\/pl\/wp-json\/wp\/v2\/product_cat?post=895"},{"taxonomy":"product_tag","embeddable":true,"href":"https:\/\/easybikerent.it\/pl\/wp-json\/wp\/v2\/product_tag?post=895"}],"curies":[{"name":"wp","href":"https:\/\/api.w.org\/{rel}","templated":true}]}}